{"id":26776,"date":"2021-01-25T18:32:39","date_gmt":"2021-01-25T17:32:39","guid":{"rendered":"https:\/\/woosimon.com\/?page_id=26776"},"modified":"2022-09-12T12:50:57","modified_gmt":"2022-09-12T11:50:57","slug":"cookie-policy","status":"publish","type":"page","link":"https:\/\/woosimon.com\/fr\/cookie-policy\/","title":{"rendered":"Politique en mati\u00e8re de cookies"},"content":{"rendered":"<h3 class=\"wp-block-heading\" id=\"h-about-this-cookie-policy\">\u00c0 propos de cette politique de cookies<\/h3>\n\n\n\n<p>Cette politique en mati\u00e8re de cookies explique ce que sont les cookies et comment nous les utilisons, les types de cookies que nous utilisons, c&#039;est-\u00e0-dire les informations que nous collectons \u00e0 l&#039;aide des cookies et comment ces informations sont utilis\u00e9es, et comment contr\u00f4ler les pr\u00e9f\u00e9rences en mati\u00e8re de cookies. Pour plus d&#039;informations sur la mani\u00e8re dont nous utilisons, stockons et gardons vos donn\u00e9es personnelles en s\u00e9curit\u00e9, consultez notre <a href=\"https:\/\/woosimon.com\/fr\/privacy-policy\/\">Politique de confidentialit\u00e9.<\/a><\/p>\n\n\n\n<p>Vous pouvez \u00e0 tout moment modifier ou retirer votre consentement \u00e0 la d\u00e9claration relative aux cookies sur notre site Internet.<\/p>\n\n\n\n<p>Apprenez-en davantage sur qui nous sommes, comment vous pouvez nous contacter et comment nous traitons les donn\u00e9es personnelles dans notre<a href=\"https:\/\/woosimon.com\/fr\/privacy-policy\/\"> Politique de confidentialit\u00e9<\/a>.<\/p>\n\n\n\n<p>Votre consentement s&#039;applique aux domaines suivants : www.woosimon.com <div class=\"cli_user_consent_state\">Votre \u00e9tat actuel : Aucun consentement donn\u00e9. <a class=\"cli_manage_current_consent\" style=\"cursor:pointer;text-decoration:underline;\">G\u00e9rez votre consentement.<\/a> <\/div><\/p>\n\n\n\n<h3 class=\"wp-block-heading\" id=\"h-what-are-cookies\">Que sont les cookies ?<\/h3>\n\n\n\n<p>Les cookies sont de petits fichiers texte utilis\u00e9s pour stocker de petites informations. Ils sont stock\u00e9s sur votre appareil lorsque le site Internet est charg\u00e9 sur votre navigateur. Ces cookies nous aident \u00e0 faire fonctionner le site Web correctement, \u00e0 le rendre plus s\u00e9curis\u00e9, \u00e0 offrir une meilleure exp\u00e9rience utilisateur, \u00e0 comprendre les performances du site Web et \u00e0 analyser ce qui fonctionne et o\u00f9 il doit \u00eatre am\u00e9lior\u00e9.<\/p>\n\n\n\n<h3 class=\"wp-block-heading\" id=\"h-how-do-we-use-cookies\">Comment utilisons-nous les cookies ?<\/h3>\n\n\n\n<p>Notre site Web utilise des cookies propri\u00e9taires et tiers \u00e0 plusieurs fins. Les cookies de premi\u00e8re partie sont pour la plupart n\u00e9cessaires au bon fonctionnement du site Web et ils ne collectent aucune de vos donn\u00e9es personnelles identifiables. Les cookies tiers utilis\u00e9s sur notre site Web servent principalement \u00e0 comprendre les performances du site Web, la fa\u00e7on dont vous interagissez avec notre site Web, en assurant la s\u00e9curit\u00e9 de nos services, en proposant des offres de produits qui vous conviennent et, dans l&#039;ensemble, en vous offrant une exp\u00e9rience utilisateur meilleure et am\u00e9lior\u00e9e et en vous aidant \u00e0 acc\u00e9l\u00e9rer vos futures interactions avec notre site Web.<\/p>\n\n\n\n<h3 class=\"wp-block-heading\" id=\"h-what-types-of-cookies-do-we-use\">Quels types de cookies utilisons-nous ?<\/h3>\n\n\n\n<p>Essentiel\u00a0: Certains cookies sont essentiels pour que vous puissiez profiter de toutes les fonctionnalit\u00e9s de notre site. Ils nous permettent de maintenir les sessions des utilisateurs et de pr\u00e9venir toute menace de s\u00e9curit\u00e9. Ils ne collectent ni ne stockent aucune information personnelle. Par exemple, ces cookies vous permettent de vous connecter \u00e0 votre compte, d&#039;ajouter des produits \u00e0 votre panier et de proc\u00e9der \u00e0 un paiement en toute s\u00e9curit\u00e9.<\/p>\n\n\n\n<p>Statistiques\u00a0: ces cookies stockent des informations telles que le nombre de visiteurs du site Web, le nombre de visiteurs uniques, les pages du site Web qui ont \u00e9t\u00e9 visit\u00e9es, la source de la visite, etc. Ces donn\u00e9es nous aident \u00e0 comprendre et \u00e0 analyser les performances du site Web. et l\u00e0 o\u00f9 il doit \u00eatre am\u00e9lior\u00e9.<\/p>\n\n\n\n<p>Marketing\u00a0: Ces cookies sont utilis\u00e9s pour personnaliser les e-mails que nous vous envoyons si vous \u00eates abonn\u00e9 \u00e0 notre liste de diffusion afin qu&#039;ils soient plus appropri\u00e9s pour vous. Ces cookies nous aident \u00e9galement \u00e0 suivre l&#039;efficacit\u00e9 de ces e-mails.<\/p>\n\n\n\n<p>Fonctionnel\u00a0: ce sont les cookies qui aident certaines fonctionnalit\u00e9s non essentielles de notre site Web. Ces fonctionnalit\u00e9s incluent l&#039;int\u00e9gration de contenu comme des vid\u00e9os ou le partage du contenu du site Web sur les plateformes de m\u00e9dias sociaux.<\/p>\n\n\n\n<p>Pr\u00e9f\u00e9rences\u00a0: ces cookies nous aident \u00e0 stocker vos param\u00e8tres et pr\u00e9f\u00e9rences de navigation, comme le stockage de vos informations de connexion, afin que vous ayez une exp\u00e9rience meilleure et plus efficace lors de vos futures visites sur le site Web.<\/p>\n\n\n<table class=\"cookielawinfo-row-cat-table cookielawinfo-classic\"><thead><tr><th class=\"cookielawinfo-column-1\">Biscuit<\/th><th class=\"cookielawinfo-column-4\">Description<\/th><\/tr><\/thead><tbody><tr class=\"cookielawinfo-row\"><td class=\"cookielawinfo-column-1\">_G\u00e9orgie<\/td><td class=\"cookielawinfo-column-4\">Le cookie _ga, install\u00e9 par Google Analytics, calcule les donn\u00e9es des visiteurs, des sessions et des campagnes et assure \u00e9galement le suivi de l&#039;utilisation du site pour le rapport d&#039;analyse du site. Le cookie stocke les informations de mani\u00e8re anonyme et attribue un num\u00e9ro g\u00e9n\u00e9r\u00e9 al\u00e9atoirement pour reconna\u00eetre les visiteurs uniques.<\/td><\/tr><tr class=\"cookielawinfo-row\"><td class=\"cookielawinfo-column-1\">_ga_8J0W9NF9X0<\/td><td class=\"cookielawinfo-column-4\">Ce cookie est install\u00e9 par Google Analytics.<\/td><\/tr><tr class=\"cookielawinfo-row\"><td class=\"cookielawinfo-column-1\">_gat_gtag_UA_172685456_1<\/td><td class=\"cookielawinfo-column-4\">D\u00e9fini par Google pour distinguer les utilisateurs.<\/td><\/tr><tr class=\"cookielawinfo-row\"><td class=\"cookielawinfo-column-1\">_gid<\/td><td class=\"cookielawinfo-column-4\">Install\u00e9 par Google Analytics, le cookie _gid stocke des informations sur la fa\u00e7on dont les visiteurs utilisent un site Web, tout en cr\u00e9ant \u00e9galement un rapport analytique sur les performances du site Web. Certaines des donn\u00e9es collect\u00e9es incluent le nombre de visiteurs, leur source et les pages qu&#039;ils visitent de mani\u00e8re anonyme.<\/td><\/tr><tr class=\"cookielawinfo-row\"><td class=\"cookielawinfo-column-1\">activechatyWidgets<\/td><td class=\"cookielawinfo-column-4\">Pas de description<\/td><\/tr><tr class=\"cookielawinfo-row\"><td class=\"cookielawinfo-column-1\">chatyWidget__1<\/td><td class=\"cookielawinfo-column-4\">Pas de description<\/td><\/tr><tr class=\"cookielawinfo-row\"><td class=\"cookielawinfo-column-1\">chatyWidget_0<\/td><td class=\"cookielawinfo-column-4\">Pas de description<\/td><\/tr><tr class=\"cookielawinfo-row\"><td class=\"cookielawinfo-column-1\">cookielawinfo-checkbox-publicit\u00e9<\/td><td class=\"cookielawinfo-column-4\">D\u00e9fini par le plugin GDPR Cookie Consent, ce cookie est utilis\u00e9 pour enregistrer le consentement de l&#039;utilisateur pour les cookies de la cat\u00e9gorie \u00ab\u00a0Publicit\u00e9\u00a0\u00bb.<\/td><\/tr><tr class=\"cookielawinfo-row\"><td class=\"cookielawinfo-column-1\">cookielawinfo-checkbox-analytics<\/td><td class=\"cookielawinfo-column-4\">D\u00e9fini par le plugin GDPR Cookie Consent, ce cookie est utilis\u00e9 pour enregistrer le consentement de l&#039;utilisateur pour les cookies de la cat\u00e9gorie \u00ab Analytics \u00bb.<\/td><\/tr><tr class=\"cookielawinfo-row\"><td class=\"cookielawinfo-column-1\">cookielawinfo-checkbox-fonctionnel<\/td><td class=\"cookielawinfo-column-4\">Le cookie est d\u00e9fini par le plugin GDPR Cookie Consent pour enregistrer le consentement de l&#039;utilisateur pour les cookies de la cat\u00e9gorie \u00ab Fonctionnel \u00bb.<\/td><\/tr><tr class=\"cookielawinfo-row\"><td class=\"cookielawinfo-column-1\">cookielawinfo-case \u00e0 cocher-n\u00e9cessaire<\/td><td class=\"cookielawinfo-column-4\">D\u00e9fini par le plugin GDPR Cookie Consent, ce cookie permet d&#039;enregistrer le consentement de l&#039;utilisateur pour les cookies de la cat\u00e9gorie \u00ab N\u00e9cessaire \u00bb.<\/td><\/tr><tr class=\"cookielawinfo-row\"><td class=\"cookielawinfo-column-1\">cookielawinfo-checkbox-autres<\/td><td class=\"cookielawinfo-column-4\">D\u00e9fini par le plugin GDPR Cookie Consent, ce cookie est utilis\u00e9 pour stocker le consentement de l&#039;utilisateur pour les cookies de la cat\u00e9gorie \u00ab Autres \u00bb.<\/td><\/tr><tr class=\"cookielawinfo-row\"><td class=\"cookielawinfo-column-1\">cookielawinfo-checkbox-performance<\/td><td class=\"cookielawinfo-column-4\">D\u00e9fini par le plugin GDPR Cookie Consent, ce cookie est utilis\u00e9 pour stocker le consentement de l&#039;utilisateur pour les cookies de la cat\u00e9gorie \u00ab Performance \u00bb.<\/td><\/tr><tr class=\"cookielawinfo-row\"><td class=\"cookielawinfo-column-1\">CookieLoiInfoConsentement<\/td><td class=\"cookielawinfo-column-4\">Enregistre l&#039;\u00e9tat du bouton par d\u00e9faut de la cat\u00e9gorie correspondante et l&#039;\u00e9tat du CCPA. Cela fonctionne uniquement en coordination avec le cookie principal.<\/td><\/tr><tr class=\"cookielawinfo-row\"><td class=\"cookielawinfo-column-1\">cppro-ft<\/td><td class=\"cookielawinfo-column-4\">Ce cookie n&#039;enregistre aucune information personnelle. Ils sont simplement utilis\u00e9s pour suivre le comportement d&#039;un utilisateur sur votre site Web ou sur un appel \u00e0 l&#039;action. Des \u00e9v\u00e9nements tels qu&#039;une soumission r\u00e9ussie ou une cl\u00f4ture peuvent \u00eatre suivis \u00e0 l&#039;aide de cookies.<\/td><\/tr><tr class=\"cookielawinfo-row\"><td class=\"cookielawinfo-column-1\">style cppro-ft<\/td><td class=\"cookielawinfo-column-4\">Ce cookie est utilis\u00e9 pour suivre le comportement d&#039;un utilisateur sur le site Web ou lors d&#039;une incitation \u00e0 l&#039;action. Des \u00e9v\u00e9nements tels qu&#039;une soumission r\u00e9ussie ou une cl\u00f4ture peuvent \u00eatre suivis \u00e0 l&#039;aide de cookies.<\/td><\/tr><tr class=\"cookielawinfo-row\"><td class=\"cookielawinfo-column-1\">cppro-ft-style-temp<\/td><td class=\"cookielawinfo-column-4\">Ce cookie est utilis\u00e9 pour suivre le comportement d&#039;un utilisateur sur le site Web ou lors d&#039;une incitation \u00e0 l&#039;action. Des \u00e9v\u00e9nements tels qu&#039;une soumission r\u00e9ussie ou une cl\u00f4ture peuvent \u00eatre suivis \u00e0 l&#039;aide de cookies.<\/td><\/tr><tr class=\"cookielawinfo-row\"><td class=\"cookielawinfo-column-1\">fr<\/td><td class=\"cookielawinfo-column-4\">Facebook d\u00e9finit ce cookie pour afficher des publicit\u00e9s pertinentes aux utilisateurs en suivant le comportement des utilisateurs sur le Web, sur les sites dot\u00e9s d&#039;un pixel Facebook ou d&#039;un plugin social Facebook.<\/td><\/tr><tr class=\"cookielawinfo-row\"><td class=\"cookielawinfo-column-1\">kingsumo_session__<\/td><td class=\"cookielawinfo-column-4\">Pas de description disponible.<\/td><\/tr><tr class=\"cookielawinfo-row\"><td class=\"cookielawinfo-column-1\">IDPHSESSID<\/td><td class=\"cookielawinfo-column-4\">Ce cookie est natif des applications PHP. Le cookie est utilis\u00e9 pour stocker et identifier l&#039;identifiant de session unique d&#039;un utilisateur dans le but de g\u00e9rer la session utilisateur sur le site Web. Le cookie est un cookie de session et est supprim\u00e9 lorsque toutes les fen\u00eatres du navigateur sont ferm\u00e9es.<\/td><\/tr><tr class=\"cookielawinfo-row\"><td class=\"cookielawinfo-column-1\">JETON XSRF<\/td><td class=\"cookielawinfo-column-4\">Ce cookie est d\u00e9fini par WordPress et est utilis\u00e9 \u00e0 des fins de s\u00e9curit\u00e9.<\/td><\/tr><\/tbody><\/table>\n\n\n\n<h3 class=\"wp-block-heading\" id=\"h-how-can-i-control-the-cookie-preferences\">Comment puis-je contr\u00f4ler les pr\u00e9f\u00e9rences en mati\u00e8re de cookies ?<\/h3>\n\n\n\n<p>Si vous d\u00e9cidez de modifier vos pr\u00e9f\u00e9rences ult\u00e9rieurement au cours de votre session de navigation, vous pouvez cliquer ici\u00a0: <div class=\"cli_user_consent_state\">Votre \u00e9tat actuel : Aucun consentement donn\u00e9. <a class=\"cli_manage_current_consent\" style=\"cursor:pointer;text-decoration:underline;\">G\u00e9rez votre consentement.<\/a> <\/div>. Cela affichera \u00e0 nouveau l&#039;avis de consentement vous permettant de modifier vos pr\u00e9f\u00e9rences ou de retirer compl\u00e8tement votre consentement.<\/p>\n\n\n\n<p>En plus de cela, diff\u00e9rents navigateurs proposent diff\u00e9rentes m\u00e9thodes pour bloquer et supprimer les cookies utilis\u00e9s par les sites Web. Vous pouvez modifier les param\u00e8tres de votre navigateur pour bloquer\/supprimer les cookies. Pour en savoir plus sur la fa\u00e7on de g\u00e9rer et de supprimer les cookies, visitez wikipedia.org, www.allaboutcookies.org.<\/p>","protected":false},"excerpt":{"rendered":"<p>About this cookie policy This Cookie Policy explains what cookies are and how we use them, the types of cookies we use i.e, the information we collect using cookies and how that information is used, and how to control the cookie preferences. For further information on how we use, store, and keep your personal data [&hellip;]<\/p>\n","protected":false},"author":1,"featured_media":0,"parent":0,"menu_order":0,"comment_status":"closed","ping_status":"closed","template":"","meta":{"_uag_custom_page_level_css":"","site-sidebar-layout":"default","site-content-layout":"content-boxed-container","ast-site-content-layout":"default","site-content-style":"default","site-sidebar-style":"default","ast-global-header-display":"","ast-banner-title-visibility":"","ast-main-header-display":"","ast-hfb-above-header-display":"","ast-hfb-below-header-display":"","ast-hfb-mobile-header-display":"","site-post-title":"","ast-breadcrumbs-content":"","ast-featured-img":"","footer-sml-layout":"","ast-disable-related-posts":"","theme-transparent-header-meta":"default","adv-header-id-meta":"28501","stick-header-meta":"default","header-above-stick-meta":"","header-main-stick-meta":"","header-below-stick-meta":"","astra-migrate-meta-layouts":"default","ast-page-background-enabled":"default","ast-page-background-meta":{"desktop":{"background-color":"var(--ast-global-color-4)","background-image":"","background-repeat":"repeat","background-position":"center center","background-size":"auto","background-attachment":"scroll","background-type":"","background-media":"","overlay-type":"","overlay-color":"","overlay-opacity":"","overlay-gradient":""},"tablet":{"background-color":"","background-image":"","background-repeat":"repeat","background-position":"center center","background-size":"auto","background-attachment":"scroll","background-type":"","background-media":"","overlay-type":"","overlay-color":"","overlay-opacity":"","overlay-gradient":""},"mobile":{"background-color":"","background-image":"","background-repeat":"repeat","background-position":"center center","background-size":"auto","background-attachment":"scroll","background-type":"","background-media":"","overlay-type":"","overlay-color":"","overlay-opacity":"","overlay-gradient":""}},"ast-content-background-meta":{"desktop":{"background-color":"var(--ast-global-color-5)","background-image":"","background-repeat":"repeat","background-position":"center center","background-size":"auto","background-attachment":"scroll","background-type":"","background-media":"","overlay-type":"","overlay-color":"","overlay-opacity":"","overlay-gradient":""},"tablet":{"background-color":"var(--ast-global-color-5)","background-image":"","background-repeat":"repeat","background-position":"center center","background-size":"auto","background-attachment":"scroll","background-type":"","background-media":"","overlay-type":"","overlay-color":"","overlay-opacity":"","overlay-gradient":""},"mobile":{"background-color":"var(--ast-global-color-5)","background-image":"","background-repeat":"repeat","background-position":"center center","background-size":"auto","background-attachment":"scroll","background-type":"","background-media":"","overlay-type":"","overlay-color":"","overlay-opacity":"","overlay-gradient":""}},"footnotes":""},"class_list":["post-26776","page","type-page","status-publish","hentry"],"yoast_head":"<!-- This site is optimized with the Yoast SEO plugin v27.4 - https:\/\/yoast.com\/product\/yoast-seo-wordpress\/ -->\n<title>Cookie Policy - WooSimon<\/title>\n<meta name=\"robots\" content=\"index, follow, max-snippet:-1, max-image-preview:large, max-video-preview:-1\" \/>\n<link rel=\"canonical\" href=\"https:\/\/woosimon.com\/fr\/cookie-policy\/\" \/>\n<meta property=\"og:locale\" content=\"fr_FR\" \/>\n<meta property=\"og:type\" content=\"article\" \/>\n<meta property=\"og:title\" content=\"Cookie Policy - WooSimon\" \/>\n<meta property=\"og:description\" content=\"About this cookie policy This Cookie Policy explains what cookies are and how we use them, the types of cookies we use i.e, the information we collect using cookies and how that information is used, and how to control the cookie preferences. For further information on how we use, store, and keep your personal data [&hellip;]\" \/>\n<meta property=\"og:url\" content=\"https:\/\/woosimon.com\/fr\/cookie-policy\/\" \/>\n<meta property=\"og:site_name\" content=\"WooSimon\" \/>\n<meta property=\"article:publisher\" content=\"https:\/\/www.facebook.com\/WooSimonWeb\" \/>\n<meta property=\"article:modified_time\" content=\"2022-09-12T11:50:57+00:00\" \/>\n<meta name=\"twitter:card\" content=\"summary_large_image\" \/>\n<meta name=\"twitter:site\" content=\"@simon_whyatt\" \/>\n<meta name=\"twitter:label1\" content=\"Dur\u00e9e de lecture estim\u00e9e\" \/>\n\t<meta name=\"twitter:data1\" content=\"3 minutes\" \/>\n<script type=\"application\/ld+json\" class=\"yoast-schema-graph\">{\"@context\":\"https:\\\/\\\/schema.org\",\"@graph\":[{\"@type\":\"WebPage\",\"@id\":\"https:\\\/\\\/woosimon.com\\\/cookie-policy\\\/\",\"url\":\"https:\\\/\\\/woosimon.com\\\/cookie-policy\\\/\",\"name\":\"Cookie Policy - WooSimon\",\"isPartOf\":{\"@id\":\"https:\\\/\\\/woosimon.com\\\/#website\"},\"datePublished\":\"2021-01-25T17:32:39+00:00\",\"dateModified\":\"2022-09-12T11:50:57+00:00\",\"breadcrumb\":{\"@id\":\"https:\\\/\\\/woosimon.com\\\/cookie-policy\\\/#breadcrumb\"},\"inLanguage\":\"fr-FR\",\"potentialAction\":[{\"@type\":\"ReadAction\",\"target\":[\"https:\\\/\\\/woosimon.com\\\/cookie-policy\\\/\"]}]},{\"@type\":\"BreadcrumbList\",\"@id\":\"https:\\\/\\\/woosimon.com\\\/cookie-policy\\\/#breadcrumb\",\"itemListElement\":[{\"@type\":\"ListItem\",\"position\":1,\"name\":\"Home\",\"item\":\"https:\\\/\\\/woosimon.com\\\/\"},{\"@type\":\"ListItem\",\"position\":2,\"name\":\"Cookie Policy\"}]},{\"@type\":\"WebSite\",\"@id\":\"https:\\\/\\\/woosimon.com\\\/#website\",\"url\":\"https:\\\/\\\/woosimon.com\\\/\",\"name\":\"WooSimon\",\"description\":\"Web Solutions\",\"publisher\":{\"@id\":\"https:\\\/\\\/woosimon.com\\\/#organization\"},\"potentialAction\":[{\"@type\":\"SearchAction\",\"target\":{\"@type\":\"EntryPoint\",\"urlTemplate\":\"https:\\\/\\\/woosimon.com\\\/?s={search_term_string}\"},\"query-input\":{\"@type\":\"PropertyValueSpecification\",\"valueRequired\":true,\"valueName\":\"search_term_string\"}}],\"inLanguage\":\"fr-FR\"},{\"@type\":\"Organization\",\"@id\":\"https:\\\/\\\/woosimon.com\\\/#organization\",\"name\":\"WooSimon\",\"url\":\"https:\\\/\\\/woosimon.com\\\/\",\"logo\":{\"@type\":\"ImageObject\",\"inLanguage\":\"fr-FR\",\"@id\":\"https:\\\/\\\/woosimon.com\\\/#\\\/schema\\\/logo\\\/image\\\/\",\"url\":\"https:\\\/\\\/woosimon.com\\\/wp-content\\\/uploads\\\/2022\\\/02\\\/WooSimon-Logo-DSG.png\",\"contentUrl\":\"https:\\\/\\\/woosimon.com\\\/wp-content\\\/uploads\\\/2022\\\/02\\\/WooSimon-Logo-DSG.png\",\"width\":512,\"height\":512,\"caption\":\"WooSimon\"},\"image\":{\"@id\":\"https:\\\/\\\/woosimon.com\\\/#\\\/schema\\\/logo\\\/image\\\/\"},\"sameAs\":[\"https:\\\/\\\/www.facebook.com\\\/WooSimonWeb\",\"https:\\\/\\\/x.com\\\/simon_whyatt\",\"https:\\\/\\\/www.linkedin.com\\\/in\\\/simon-whyatt-11115110\\\/\"]}]}<\/script>\n<!-- \/ Yoast SEO plugin. -->","yoast_head_json":{"title":"Politique en mati\u00e8re de cookies - WooSimon","robots":{"index":"index","follow":"follow","max-snippet":"max-snippet:-1","max-image-preview":"max-image-preview:large","max-video-preview":"max-video-preview:-1"},"canonical":"https:\/\/woosimon.com\/fr\/cookie-policy\/","og_locale":"fr_FR","og_type":"article","og_title":"Cookie Policy - WooSimon","og_description":"About this cookie policy This Cookie Policy explains what cookies are and how we use them, the types of cookies we use i.e, the information we collect using cookies and how that information is used, and how to control the cookie preferences. For further information on how we use, store, and keep your personal data [&hellip;]","og_url":"https:\/\/woosimon.com\/fr\/cookie-policy\/","og_site_name":"WooSimon","article_publisher":"https:\/\/www.facebook.com\/WooSimonWeb","article_modified_time":"2022-09-12T11:50:57+00:00","twitter_card":"summary_large_image","twitter_site":"@simon_whyatt","twitter_misc":{"Dur\u00e9e de lecture estim\u00e9e":"3 minutes"},"schema":{"@context":"https:\/\/schema.org","@graph":[{"@type":"WebPage","@id":"https:\/\/woosimon.com\/cookie-policy\/","url":"https:\/\/woosimon.com\/cookie-policy\/","name":"Politique en mati\u00e8re de cookies - WooSimon","isPartOf":{"@id":"https:\/\/woosimon.com\/#website"},"datePublished":"2021-01-25T17:32:39+00:00","dateModified":"2022-09-12T11:50:57+00:00","breadcrumb":{"@id":"https:\/\/woosimon.com\/cookie-policy\/#breadcrumb"},"inLanguage":"fr-FR","potentialAction":[{"@type":"ReadAction","target":["https:\/\/woosimon.com\/cookie-policy\/"]}]},{"@type":"BreadcrumbList","@id":"https:\/\/woosimon.com\/cookie-policy\/#breadcrumb","itemListElement":[{"@type":"ListItem","position":1,"name":"Home","item":"https:\/\/woosimon.com\/"},{"@type":"ListItem","position":2,"name":"Cookie Policy"}]},{"@type":"WebSite","@id":"https:\/\/woosimon.com\/#website","url":"https:\/\/woosimon.com\/","name":"WooSimon","description":"Solutions Web","publisher":{"@id":"https:\/\/woosimon.com\/#organization"},"potentialAction":[{"@type":"SearchAction","target":{"@type":"EntryPoint","urlTemplate":"https:\/\/woosimon.com\/?s={search_term_string}"},"query-input":{"@type":"PropertyValueSpecification","valueRequired":true,"valueName":"search_term_string"}}],"inLanguage":"fr-FR"},{"@type":"Organization","@id":"https:\/\/woosimon.com\/#organization","name":"WooSimon","url":"https:\/\/woosimon.com\/","logo":{"@type":"ImageObject","inLanguage":"fr-FR","@id":"https:\/\/woosimon.com\/#\/schema\/logo\/image\/","url":"https:\/\/woosimon.com\/wp-content\/uploads\/2022\/02\/WooSimon-Logo-DSG.png","contentUrl":"https:\/\/woosimon.com\/wp-content\/uploads\/2022\/02\/WooSimon-Logo-DSG.png","width":512,"height":512,"caption":"WooSimon"},"image":{"@id":"https:\/\/woosimon.com\/#\/schema\/logo\/image\/"},"sameAs":["https:\/\/www.facebook.com\/WooSimonWeb","https:\/\/x.com\/simon_whyatt","https:\/\/www.linkedin.com\/in\/simon-whyatt-11115110\/"]}]}},"uagb_featured_image_src":{"full":false,"thumbnail":false,"medium":false,"medium_large":false,"large":false,"1536x1536":false,"2048x2048":false,"trp-custom-language-flag":false,"widget-thumbnail":false,"mailpoet_newsletter_max":false},"uagb_author_info":{"display_name":"Simon Whyatt","author_link":"https:\/\/woosimon.com\/fr\/author\/siwhyatt\/"},"uagb_comment_info":0,"uagb_excerpt":"About this cookie policy This Cookie Policy explains what cookies are and how we use them, the types of cookies we use i.e, the information we collect using cookies and how that information is used, and how to control the cookie preferences. For further information on how we use, store, and keep your personal data\u2026","jetpack_sharing_enabled":true,"_links":{"self":[{"href":"https:\/\/woosimon.com\/fr\/wp-json\/wp\/v2\/pages\/26776","targetHints":{"allow":["GET"]}}],"collection":[{"href":"https:\/\/woosimon.com\/fr\/wp-json\/wp\/v2\/pages"}],"about":[{"href":"https:\/\/woosimon.com\/fr\/wp-json\/wp\/v2\/types\/page"}],"author":[{"embeddable":true,"href":"https:\/\/woosimon.com\/fr\/wp-json\/wp\/v2\/users\/1"}],"replies":[{"embeddable":true,"href":"https:\/\/woosimon.com\/fr\/wp-json\/wp\/v2\/comments?post=26776"}],"version-history":[{"count":0,"href":"https:\/\/woosimon.com\/fr\/wp-json\/wp\/v2\/pages\/26776\/revisions"}],"wp:attachment":[{"href":"https:\/\/woosimon.com\/fr\/wp-json\/wp\/v2\/media?parent=26776"}],"curies":[{"name":"wp","href":"https:\/\/api.w.org\/{rel}","templated":true}]}}