{"id":29135,"date":"2022-07-11T15:58:08","date_gmt":"2022-07-11T14:58:08","guid":{"rendered":"https:\/\/woosimon.com\/cancel-appointment\/"},"modified":"2022-07-11T15:58:08","modified_gmt":"2022-07-11T14:58:08","slug":"cancel-appointment","status":"publish","type":"page","link":"https:\/\/woosimon.com\/es\/cancel-appointment\/","title":{"rendered":"Cancelar p\u00e1gina"},"content":{"rendered":"<div class=\"bpa-front-cancel-module-container\">\n<div class=\"bpa-front-cmc__title\">Lamento escuchar que ha solicitado cancelar la cita.<\/div>\n<div class=\"bpa-front-cmc__desc\">Hemos enviado una notificaci\u00f3n por correo electr\u00f3nico para cancelar la cita. Por lo tanto, haga clic en el bot\u00f3n para cancelar la cita.<\/div>\n<\/p><\/div>","protected":false},"excerpt":{"rendered":"<p>Lamento escuchar que ha solicitado cancelar la cita. Hemos enviado una notificaci\u00f3n por correo electr\u00f3nico para cancelar la cita. Por lo tanto, haga clic en el bot\u00f3n para cancelar la cita.<\/p>","protected":false},"author":1,"featured_media":0,"parent":0,"menu_order":0,"comment_status":"closed","ping_status":"closed","template":"","meta":{"_uag_custom_page_level_css":"","site-sidebar-layout":"default","site-content-layout":"","ast-site-content-layout":"default","site-content-style":"default","site-sidebar-style":"default","ast-global-header-display":"","ast-banner-title-visibility":"","ast-main-header-display":"","ast-hfb-above-header-display":"","ast-hfb-below-header-display":"","ast-hfb-mobile-header-display":"","site-post-title":"","ast-breadcrumbs-content":"","ast-featured-img":"","footer-sml-layout":"","ast-disable-related-posts":"","theme-transparent-header-meta":"","adv-header-id-meta":"","stick-header-meta":"","header-above-stick-meta":"","header-main-stick-meta":"","header-below-stick-meta":"","astra-migrate-meta-layouts":"default","ast-page-background-enabled":"default","ast-page-background-meta":{"desktop":{"background-color":"var(--ast-global-color-4)","background-image":"","background-repeat":"repeat","background-position":"center center","background-size":"auto","background-attachment":"scroll","background-type":"","background-media":"","overlay-type":"","overlay-color":"","overlay-opacity":"","overlay-gradient":""},"tablet":{"background-color":"","background-image":"","background-repeat":"repeat","background-position":"center center","background-size":"auto","background-attachment":"scroll","background-type":"","background-media":"","overlay-type":"","overlay-color":"","overlay-opacity":"","overlay-gradient":""},"mobile":{"background-color":"","background-image":"","background-repeat":"repeat","background-position":"center center","background-size":"auto","background-attachment":"scroll","background-type":"","background-media":"","overlay-type":"","overlay-color":"","overlay-opacity":"","overlay-gradient":""}},"ast-content-background-meta":{"desktop":{"background-color":"var(--ast-global-color-5)","background-image":"","background-repeat":"repeat","background-position":"center center","background-size":"auto","background-attachment":"scroll","background-type":"","background-media":"","overlay-type":"","overlay-color":"","overlay-opacity":"","overlay-gradient":""},"tablet":{"background-color":"var(--ast-global-color-5)","background-image":"","background-repeat":"repeat","background-position":"center center","background-size":"auto","background-attachment":"scroll","background-type":"","background-media":"","overlay-type":"","overlay-color":"","overlay-opacity":"","overlay-gradient":""},"mobile":{"background-color":"var(--ast-global-color-5)","background-image":"","background-repeat":"repeat","background-position":"center center","background-size":"auto","background-attachment":"scroll","background-type":"","background-media":"","overlay-type":"","overlay-color":"","overlay-opacity":"","overlay-gradient":""}},"footnotes":""},"class_list":["post-29135","page","type-page","status-publish","hentry"],"yoast_head":"<!-- This site is optimized with the Yoast SEO plugin v27.3 - https:\/\/yoast.com\/product\/yoast-seo-wordpress\/ -->\n<title>Cancel page - WooSimon<\/title>\n<meta name=\"robots\" content=\"index, follow, max-snippet:-1, max-image-preview:large, max-video-preview:-1\" \/>\n<link rel=\"canonical\" href=\"https:\/\/woosimon.com\/es\/cancel-appointment\/\" \/>\n<meta property=\"og:locale\" content=\"es_ES\" \/>\n<meta property=\"og:type\" content=\"article\" \/>\n<meta property=\"og:title\" content=\"Cancel page - WooSimon\" \/>\n<meta property=\"og:description\" content=\"Sorry to hear that you have requested for cancel the appointment. We have sent an email notification for cancel appointment. So please click on the button to cancel the appointment.\" \/>\n<meta property=\"og:url\" content=\"https:\/\/woosimon.com\/es\/cancel-appointment\/\" \/>\n<meta property=\"og:site_name\" content=\"WooSimon\" \/>\n<meta property=\"article:publisher\" content=\"https:\/\/www.facebook.com\/WooSimonWeb\" \/>\n<meta name=\"twitter:card\" content=\"summary_large_image\" \/>\n<meta name=\"twitter:site\" content=\"@simon_whyatt\" \/>\n<script type=\"application\/ld+json\" class=\"yoast-schema-graph\">{\"@context\":\"https:\\\/\\\/schema.org\",\"@graph\":[{\"@type\":\"WebPage\",\"@id\":\"https:\\\/\\\/woosimon.com\\\/cancel-appointment\\\/\",\"url\":\"https:\\\/\\\/woosimon.com\\\/cancel-appointment\\\/\",\"name\":\"Cancel page - WooSimon\",\"isPartOf\":{\"@id\":\"https:\\\/\\\/woosimon.com\\\/#website\"},\"datePublished\":\"2022-07-11T14:58:08+00:00\",\"breadcrumb\":{\"@id\":\"https:\\\/\\\/woosimon.com\\\/cancel-appointment\\\/#breadcrumb\"},\"inLanguage\":\"es\",\"potentialAction\":[{\"@type\":\"ReadAction\",\"target\":[\"https:\\\/\\\/woosimon.com\\\/cancel-appointment\\\/\"]}]},{\"@type\":\"BreadcrumbList\",\"@id\":\"https:\\\/\\\/woosimon.com\\\/cancel-appointment\\\/#breadcrumb\",\"itemListElement\":[{\"@type\":\"ListItem\",\"position\":1,\"name\":\"Home\",\"item\":\"https:\\\/\\\/woosimon.com\\\/\"},{\"@type\":\"ListItem\",\"position\":2,\"name\":\"Cancel page\"}]},{\"@type\":\"WebSite\",\"@id\":\"https:\\\/\\\/woosimon.com\\\/#website\",\"url\":\"https:\\\/\\\/woosimon.com\\\/\",\"name\":\"WooSimon\",\"description\":\"Web Solutions\",\"publisher\":{\"@id\":\"https:\\\/\\\/woosimon.com\\\/#organization\"},\"potentialAction\":[{\"@type\":\"SearchAction\",\"target\":{\"@type\":\"EntryPoint\",\"urlTemplate\":\"https:\\\/\\\/woosimon.com\\\/?s={search_term_string}\"},\"query-input\":{\"@type\":\"PropertyValueSpecification\",\"valueRequired\":true,\"valueName\":\"search_term_string\"}}],\"inLanguage\":\"es\"},{\"@type\":\"Organization\",\"@id\":\"https:\\\/\\\/woosimon.com\\\/#organization\",\"name\":\"WooSimon\",\"url\":\"https:\\\/\\\/woosimon.com\\\/\",\"logo\":{\"@type\":\"ImageObject\",\"inLanguage\":\"es\",\"@id\":\"https:\\\/\\\/woosimon.com\\\/#\\\/schema\\\/logo\\\/image\\\/\",\"url\":\"https:\\\/\\\/woosimon.com\\\/wp-content\\\/uploads\\\/2022\\\/02\\\/WooSimon-Logo-DSG.png\",\"contentUrl\":\"https:\\\/\\\/woosimon.com\\\/wp-content\\\/uploads\\\/2022\\\/02\\\/WooSimon-Logo-DSG.png\",\"width\":512,\"height\":512,\"caption\":\"WooSimon\"},\"image\":{\"@id\":\"https:\\\/\\\/woosimon.com\\\/#\\\/schema\\\/logo\\\/image\\\/\"},\"sameAs\":[\"https:\\\/\\\/www.facebook.com\\\/WooSimonWeb\",\"https:\\\/\\\/x.com\\\/simon_whyatt\",\"https:\\\/\\\/www.linkedin.com\\\/in\\\/simon-whyatt-11115110\\\/\"]}]}<\/script>\n<!-- \/ Yoast SEO plugin. -->","yoast_head_json":{"title":"Cancelar p\u00e1gina - WooSimon","robots":{"index":"index","follow":"follow","max-snippet":"max-snippet:-1","max-image-preview":"max-image-preview:large","max-video-preview":"max-video-preview:-1"},"canonical":"https:\/\/woosimon.com\/es\/cancel-appointment\/","og_locale":"es_ES","og_type":"article","og_title":"Cancel page - WooSimon","og_description":"Sorry to hear that you have requested for cancel the appointment. We have sent an email notification for cancel appointment. So please click on the button to cancel the appointment.","og_url":"https:\/\/woosimon.com\/es\/cancel-appointment\/","og_site_name":"WooSimon","article_publisher":"https:\/\/www.facebook.com\/WooSimonWeb","twitter_card":"summary_large_image","twitter_site":"@simon_whyatt","schema":{"@context":"https:\/\/schema.org","@graph":[{"@type":"WebPage","@id":"https:\/\/woosimon.com\/cancel-appointment\/","url":"https:\/\/woosimon.com\/cancel-appointment\/","name":"Cancelar p\u00e1gina - WooSimon","isPartOf":{"@id":"https:\/\/woosimon.com\/#website"},"datePublished":"2022-07-11T14:58:08+00:00","breadcrumb":{"@id":"https:\/\/woosimon.com\/cancel-appointment\/#breadcrumb"},"inLanguage":"es","potentialAction":[{"@type":"ReadAction","target":["https:\/\/woosimon.com\/cancel-appointment\/"]}]},{"@type":"BreadcrumbList","@id":"https:\/\/woosimon.com\/cancel-appointment\/#breadcrumb","itemListElement":[{"@type":"ListItem","position":1,"name":"Home","item":"https:\/\/woosimon.com\/"},{"@type":"ListItem","position":2,"name":"Cancel page"}]},{"@type":"WebSite","@id":"https:\/\/woosimon.com\/#website","url":"https:\/\/woosimon.com\/","name":"WooSimon","description":"Soluciones web","publisher":{"@id":"https:\/\/woosimon.com\/#organization"},"potentialAction":[{"@type":"SearchAction","target":{"@type":"EntryPoint","urlTemplate":"https:\/\/woosimon.com\/?s={search_term_string}"},"query-input":{"@type":"PropertyValueSpecification","valueRequired":true,"valueName":"search_term_string"}}],"inLanguage":"es"},{"@type":"Organization","@id":"https:\/\/woosimon.com\/#organization","name":"WooSimon","url":"https:\/\/woosimon.com\/","logo":{"@type":"ImageObject","inLanguage":"es","@id":"https:\/\/woosimon.com\/#\/schema\/logo\/image\/","url":"https:\/\/woosimon.com\/wp-content\/uploads\/2022\/02\/WooSimon-Logo-DSG.png","contentUrl":"https:\/\/woosimon.com\/wp-content\/uploads\/2022\/02\/WooSimon-Logo-DSG.png","width":512,"height":512,"caption":"WooSimon"},"image":{"@id":"https:\/\/woosimon.com\/#\/schema\/logo\/image\/"},"sameAs":["https:\/\/www.facebook.com\/WooSimonWeb","https:\/\/x.com\/simon_whyatt","https:\/\/www.linkedin.com\/in\/simon-whyatt-11115110\/"]}]}},"uagb_featured_image_src":{"full":false,"thumbnail":false,"medium":false,"medium_large":false,"large":false,"1536x1536":false,"2048x2048":false,"trp-custom-language-flag":false,"widget-thumbnail":false,"mailpoet_newsletter_max":false},"uagb_author_info":{"display_name":"Simon Whyatt","author_link":"https:\/\/woosimon.com\/es\/author\/siwhyatt\/"},"uagb_comment_info":0,"uagb_excerpt":"Sorry to hear that you have requested for cancel the appointment. We have sent an email notification for cancel appointment. So please click on the button to cancel the appointment.","jetpack_sharing_enabled":true,"_links":{"self":[{"href":"https:\/\/woosimon.com\/es\/wp-json\/wp\/v2\/pages\/29135","targetHints":{"allow":["GET"]}}],"collection":[{"href":"https:\/\/woosimon.com\/es\/wp-json\/wp\/v2\/pages"}],"about":[{"href":"https:\/\/woosimon.com\/es\/wp-json\/wp\/v2\/types\/page"}],"author":[{"embeddable":true,"href":"https:\/\/woosimon.com\/es\/wp-json\/wp\/v2\/users\/1"}],"replies":[{"embeddable":true,"href":"https:\/\/woosimon.com\/es\/wp-json\/wp\/v2\/comments?post=29135"}],"version-history":[{"count":0,"href":"https:\/\/woosimon.com\/es\/wp-json\/wp\/v2\/pages\/29135\/revisions"}],"wp:attachment":[{"href":"https:\/\/woosimon.com\/es\/wp-json\/wp\/v2\/media?parent=29135"}],"curies":[{"name":"palabra clave","href":"https:\/\/api.w.org\/{rel}","templated":true}]}}