{"id":26776,"date":"2021-01-25T18:32:39","date_gmt":"2021-01-25T17:32:39","guid":{"rendered":"https:\/\/woosimon.com\/?page_id=26776"},"modified":"2022-09-12T12:50:57","modified_gmt":"2022-09-12T11:50:57","slug":"politica-de-cookies","status":"publish","type":"page","link":"https:\/\/woosimon.com\/es\/politica-de-cookies\/","title":{"rendered":"Pol\u00edtica de cookies"},"content":{"rendered":"<h3 class=\"wp-block-heading\" id=\"h-about-this-cookie-policy\">Acerca de esta pol\u00edtica de cookies<\/h3>\n\n\n\n<p>Esta Pol\u00edtica de cookies explica qu\u00e9 son las cookies y c\u00f3mo las usamos, los tipos de cookies que usamos, es decir, la informaci\u00f3n que recopilamos usando cookies y c\u00f3mo se usa esa informaci\u00f3n, y c\u00f3mo controlar las preferencias de cookies. Para obtener m\u00e1s informaci\u00f3n sobre c\u00f3mo usamos, almacenamos y mantenemos seguros sus datos personales, consulte nuestro <a href=\"https:\/\/woosimon.com\/es\/politica-de-privicidad\/\">Pol\u00edtica de privacidad.<\/a><\/p>\n\n\n\n<p>En cualquier momento puede cambiar o retirar su consentimiento de la Declaraci\u00f3n de cookies en nuestro sitio web.<\/p>\n\n\n\n<p>Obtenga m\u00e1s informaci\u00f3n sobre qui\u00e9nes somos, c\u00f3mo puede comunicarse con nosotros y c\u00f3mo procesamos los datos personales en nuestro<a href=\"https:\/\/woosimon.com\/es\/politica-de-privicidad\/\"> Pol\u00edtica de privacidad<\/a>.<\/p>\n\n\n\n<p>Su consentimiento se aplica a los siguientes dominios: www.woosimon.com <div class=\"cli_user_consent_state\">Tu estado actual: No se ha dado el consentimiento. <a class=\"cli_manage_current_consent\" style=\"cursor:pointer;text-decoration:underline;\">Gestiona tu consentimiento.<\/a> <\/div><\/p>\n\n\n\n<h3 class=\"wp-block-heading\" id=\"h-what-are-cookies\">\u00bfQu\u00e9 son las cookies?<\/h3>\n\n\n\n<p>Las cookies son peque\u00f1os archivos de texto que se utilizan para almacenar peque\u00f1os fragmentos de informaci\u00f3n. Se almacenan en su dispositivo cuando el sitio web se carga en su navegador. Estas cookies nos ayudan a hacer que el sitio web funcione correctamente, hacerlo m\u00e1s seguro, brindar una mejor experiencia al usuario y comprender c\u00f3mo funciona el sitio web y analizar qu\u00e9 funciona y d\u00f3nde necesita mejorar.<\/p>\n\n\n\n<h3 class=\"wp-block-heading\" id=\"h-how-do-we-use-cookies\">C\u00f3mo usamos las cookies ?<\/h3>\n\n\n\n<p>Nuestro sitio web utiliza cookies propias y de terceros para varios prop\u00f3sitos. Las cookies de origen son principalmente necesarias para que el sitio web funcione correctamente y no recopilan ninguno de sus datos de identificaci\u00f3n personal. Las cookies de terceros que se utilizan en nuestro sitio web son principalmente para comprender c\u00f3mo funciona el sitio web, c\u00f3mo interact\u00faa con \u00e9l. nuestro sitio web, manteniendo nuestros servicios seguros, proporcionando ofertas de productos que son relevantes para usted y, en general, brind\u00e1ndole una experiencia de usuario mejor y mejorada y ayudando a acelerar sus interacciones futuras con nuestro sitio web.<\/p>\n\n\n\n<h3 class=\"wp-block-heading\" id=\"h-what-types-of-cookies-do-we-use\">\u00bfQu\u00e9 tipos de cookies utilizamos?<\/h3>\n\n\n\n<p>Esencial: algunas cookies son esenciales para que pueda experimentar la funcionalidad completa de nuestro sitio. Nos permiten mantener las sesiones de los usuarios y prevenir cualquier amenaza a la seguridad. No recopilan ni almacenan ninguna informaci\u00f3n personal. Por ejemplo, estas cookies le permiten iniciar sesi\u00f3n en su cuenta y agregar productos a su carrito y realizar el pago de forma segura.<\/p>\n\n\n\n<p>Estad\u00edsticas: estas cookies almacenan informaci\u00f3n como el n\u00famero de visitantes al sitio web, el n\u00famero de visitantes \u00fanicos, qu\u00e9 p\u00e1ginas del sitio web se han visitado, la fuente de la visita, etc. Estos datos nos ayudan a comprender y analizar el rendimiento del sitio web. y donde necesita mejorar.<\/p>\n\n\n\n<p>Marketing: Estas cookies se utilizan para personalizar los correos electr\u00f3nicos que le enviamos si est\u00e1 suscrito a nuestra lista de correo para que sean m\u00e1s apropiados para usted. Estas cookies tambi\u00e9n nos ayudan a realizar un seguimiento de la eficiencia de estos correos electr\u00f3nicos.<\/p>\n\n\n\n<p>Funcional: Son las cookies que ayudan a determinadas funcionalidades no esenciales de nuestro sitio web. Estas funcionalidades incluyen incrustar contenido como videos o compartir contenido del sitio web en plataformas de redes sociales.<\/p>\n\n\n\n<p>Preferencias: estas cookies nos ayudan a almacenar su configuraci\u00f3n y preferencias de navegaci\u00f3n, como almacenar sus datos de inicio de sesi\u00f3n para que tenga una experiencia mejor y m\u00e1s eficiente en futuras visitas al sitio web.<\/p>\n\n\n<table class=\"cookielawinfo-row-cat-table cookielawinfo-classic\"><thead><tr><th class=\"cookielawinfo-column-1\">Galleta<\/th><th class=\"cookielawinfo-column-4\">Descripci\u00f3n<\/th><\/tr><\/thead><tbody><tr class=\"cookielawinfo-row\"><td class=\"cookielawinfo-column-1\">_Georgia<\/td><td class=\"cookielawinfo-column-4\">La cookie _ga, instalada por Google Analytics, calcula los datos de visitantes, sesiones y campa\u00f1as y tambi\u00e9n realiza un seguimiento del uso del sitio para el informe anal\u00edtico del sitio. La cookie almacena informaci\u00f3n de forma an\u00f3nima y asigna un n\u00famero generado aleatoriamente para reconocer a visitantes \u00fanicos.<\/td><\/tr><tr class=\"cookielawinfo-row\"><td class=\"cookielawinfo-column-1\">_ga_8J0W9NF9X0<\/td><td class=\"cookielawinfo-column-4\">Esta cookie es instalada por Google Analytics.<\/td><\/tr><tr class=\"cookielawinfo-row\"><td class=\"cookielawinfo-column-1\">_gat_gtag_UA_172685456_1<\/td><td class=\"cookielawinfo-column-4\">Establecido por Google para distinguir a los usuarios.<\/td><\/tr><tr class=\"cookielawinfo-row\"><td class=\"cookielawinfo-column-1\">_gid<\/td><td class=\"cookielawinfo-column-4\">Instalada por Google Analytics, la cookie _gid almacena informaci\u00f3n sobre c\u00f3mo los visitantes usan un sitio web, al mismo tiempo que crea un informe anal\u00edtico del rendimiento del sitio web. Algunos de los datos que se recopilan incluyen el n\u00famero de visitantes, su fuente y las p\u00e1ginas que visitan de forma an\u00f3nima.<\/td><\/tr><tr class=\"cookielawinfo-row\"><td class=\"cookielawinfo-column-1\">activechatyWidgets<\/td><td class=\"cookielawinfo-column-4\">Sin descripci\u00f3n<\/td><\/tr><tr class=\"cookielawinfo-row\"><td class=\"cookielawinfo-column-1\">chatyWidget__1<\/td><td class=\"cookielawinfo-column-4\">Sin descripci\u00f3n<\/td><\/tr><tr class=\"cookielawinfo-row\"><td class=\"cookielawinfo-column-1\">chatyWidget_0<\/td><td class=\"cookielawinfo-column-4\">Sin descripci\u00f3n<\/td><\/tr><tr class=\"cookielawinfo-row\"><td class=\"cookielawinfo-column-1\">cookielawinfo-checkbox-advertisement<\/td><td class=\"cookielawinfo-column-4\">Establecida por el complemento de consentimiento de cookies de GDPR, esta cookie se utiliza para registrar el consentimiento del usuario para las cookies en la categor\u00eda &quot;Publicidad&quot;.<\/td><\/tr><tr class=\"cookielawinfo-row\"><td class=\"cookielawinfo-column-1\">cookielawinfo-checkbox-analytics<\/td><td class=\"cookielawinfo-column-4\">Establecida por el complemento de consentimiento de cookies de GDPR, esta cookie se utiliza para registrar el consentimiento del usuario para las cookies en la categor\u00eda &quot;An\u00e1lisis&quot;.<\/td><\/tr><tr class=\"cookielawinfo-row\"><td class=\"cookielawinfo-column-1\">cookielawinfo-checkbox-funcional<\/td><td class=\"cookielawinfo-column-4\">La cookie est\u00e1 configurada por el complemento de consentimiento de cookies GDPR para registrar el consentimiento del usuario para las cookies en la categor\u00eda &quot;Funcional&quot;.<\/td><\/tr><tr class=\"cookielawinfo-row\"><td class=\"cookielawinfo-column-1\">cookielawinfo-checkbox-necesario<\/td><td class=\"cookielawinfo-column-4\">Establecida por el complemento de consentimiento de cookies de GDPR, esta cookie se utiliza para registrar el consentimiento del usuario para las cookies en la categor\u00eda &quot;Necesario&quot;.<\/td><\/tr><tr class=\"cookielawinfo-row\"><td class=\"cookielawinfo-column-1\">cookielawinfo-checkbox-otros<\/td><td class=\"cookielawinfo-column-4\">Establecida por el complemento de consentimiento de cookies de GDPR, esta cookie se utiliza para almacenar el consentimiento del usuario para las cookies en la categor\u00eda &quot;Otros&quot;.<\/td><\/tr><tr class=\"cookielawinfo-row\"><td class=\"cookielawinfo-column-1\">cookielawinfo-checkbox-rendimiento<\/td><td class=\"cookielawinfo-column-4\">Establecida por el complemento de consentimiento de cookies de GDPR, esta cookie se utiliza para almacenar el consentimiento del usuario para las cookies en la categor\u00eda &quot;Rendimiento&quot;.<\/td><\/tr><tr class=\"cookielawinfo-row\"><td class=\"cookielawinfo-column-1\">CookieLeyInfoConsentimiento<\/td><td class=\"cookielawinfo-column-4\">Registra el estado del bot\u00f3n predeterminado de la categor\u00eda correspondiente y el estado de CCPA. Funciona solo en coordinaci\u00f3n con la cookie principal.<\/td><\/tr><tr class=\"cookielawinfo-row\"><td class=\"cookielawinfo-column-1\">cppro-ft<\/td><td class=\"cookielawinfo-column-4\">Esta cookie no guarda ninguna informaci\u00f3n personal. Simplemente se utilizan para rastrear c\u00f3mo se ha comportado un usuario en su sitio web o en una llamada a la acci\u00f3n. Los eventos como el env\u00edo o el cierre exitosos se pueden rastrear mediante cookies.<\/td><\/tr><tr class=\"cookielawinfo-row\"><td class=\"cookielawinfo-column-1\">estilo cppro-ft<\/td><td class=\"cookielawinfo-column-4\">Esta cookie se utiliza para rastrear c\u00f3mo se ha comportado un usuario en el sitio web o en una llamada a la acci\u00f3n. Los eventos como el env\u00edo o el cierre exitosos se pueden rastrear mediante cookies.<\/td><\/tr><tr class=\"cookielawinfo-row\"><td class=\"cookielawinfo-column-1\">cppro-ft-style-temp<\/td><td class=\"cookielawinfo-column-4\">Esta cookie se utiliza para rastrear c\u00f3mo se ha comportado un usuario en el sitio web o en una llamada a la acci\u00f3n. Los eventos como el env\u00edo o el cierre exitosos se pueden rastrear mediante cookies.<\/td><\/tr><tr class=\"cookielawinfo-row\"><td class=\"cookielawinfo-column-1\">es<\/td><td class=\"cookielawinfo-column-4\">Facebook configura esta cookie para mostrar anuncios relevantes a los usuarios mediante el seguimiento del comportamiento del usuario en la web, en sitios que tienen el p\u00edxel de Facebook o el complemento social de Facebook.<\/td><\/tr><tr class=\"cookielawinfo-row\"><td class=\"cookielawinfo-column-1\">kingsumo_session__<\/td><td class=\"cookielawinfo-column-4\">No hay descripci\u00f3n disponible.<\/td><\/tr><tr class=\"cookielawinfo-row\"><td class=\"cookielawinfo-column-1\">PHPSESSID<\/td><td class=\"cookielawinfo-column-4\">Esta cookie es nativa de las aplicaciones PHP. La cookie se utiliza para almacenar e identificar la ID de sesi\u00f3n \u00fanica de un usuario con el fin de administrar la sesi\u00f3n del usuario en el sitio web. La cookie es una cookie de sesi\u00f3n y se elimina cuando se cierran todas las ventanas del navegador.<\/td><\/tr><tr class=\"cookielawinfo-row\"><td class=\"cookielawinfo-column-1\">XSRF-TOKEN<\/td><td class=\"cookielawinfo-column-4\">Esta cookie la establece WordPress y se utiliza con fines de seguridad.<\/td><\/tr><\/tbody><\/table>\n\n\n\n<h3 class=\"wp-block-heading\" id=\"h-how-can-i-control-the-cookie-preferences\">\u00bfC\u00f3mo puedo controlar las preferencias de las cookies?<\/h3>\n\n\n\n<p>Si decide cambiar sus preferencias m\u00e1s adelante a trav\u00e9s de su sesi\u00f3n de navegaci\u00f3n, puede hacer clic aqu\u00ed: <div class=\"cli_user_consent_state\">Tu estado actual: No se ha dado el consentimiento. <a class=\"cli_manage_current_consent\" style=\"cursor:pointer;text-decoration:underline;\">Gestiona tu consentimiento.<\/a> <\/div>. Esto mostrar\u00e1 el aviso de consentimiento nuevamente, lo que le permitir\u00e1 cambiar sus preferencias o retirar su consentimiento por completo.<\/p>\n\n\n\n<p>Adem\u00e1s de esto, los diferentes navegadores proporcionan diferentes m\u00e9todos para bloquear y eliminar las cookies utilizadas por los sitios web. Puede cambiar la configuraci\u00f3n de su navegador para bloquear \/ eliminar las cookies. Para obtener m\u00e1s informaci\u00f3n sobre c\u00f3mo administrar y eliminar las cookies, visite wikipedia.org, www.allaboutcookies.org.<\/p>","protected":false},"excerpt":{"rendered":"<p>About this cookie policy This Cookie Policy explains what cookies are and how we use them, the types of cookies we use i.e, the information we collect using cookies and how that information is used, and how to control the cookie preferences. For further information on how we use, store, and keep your personal data [&hellip;]<\/p>\n","protected":false},"author":1,"featured_media":0,"parent":0,"menu_order":0,"comment_status":"closed","ping_status":"closed","template":"","meta":{"_uag_custom_page_level_css":"","site-sidebar-layout":"default","site-content-layout":"content-boxed-container","ast-site-content-layout":"default","site-content-style":"default","site-sidebar-style":"default","ast-global-header-display":"","ast-banner-title-visibility":"","ast-main-header-display":"","ast-hfb-above-header-display":"","ast-hfb-below-header-display":"","ast-hfb-mobile-header-display":"","site-post-title":"","ast-breadcrumbs-content":"","ast-featured-img":"","footer-sml-layout":"","ast-disable-related-posts":"","theme-transparent-header-meta":"default","adv-header-id-meta":"28501","stick-header-meta":"default","header-above-stick-meta":"","header-main-stick-meta":"","header-below-stick-meta":"","astra-migrate-meta-layouts":"default","ast-page-background-enabled":"default","ast-page-background-meta":{"desktop":{"background-color":"var(--ast-global-color-4)","background-image":"","background-repeat":"repeat","background-position":"center center","background-size":"auto","background-attachment":"scroll","background-type":"","background-media":"","overlay-type":"","overlay-color":"","overlay-opacity":"","overlay-gradient":""},"tablet":{"background-color":"","background-image":"","background-repeat":"repeat","background-position":"center center","background-size":"auto","background-attachment":"scroll","background-type":"","background-media":"","overlay-type":"","overlay-color":"","overlay-opacity":"","overlay-gradient":""},"mobile":{"background-color":"","background-image":"","background-repeat":"repeat","background-position":"center center","background-size":"auto","background-attachment":"scroll","background-type":"","background-media":"","overlay-type":"","overlay-color":"","overlay-opacity":"","overlay-gradient":""}},"ast-content-background-meta":{"desktop":{"background-color":"var(--ast-global-color-5)","background-image":"","background-repeat":"repeat","background-position":"center center","background-size":"auto","background-attachment":"scroll","background-type":"","background-media":"","overlay-type":"","overlay-color":"","overlay-opacity":"","overlay-gradient":""},"tablet":{"background-color":"var(--ast-global-color-5)","background-image":"","background-repeat":"repeat","background-position":"center center","background-size":"auto","background-attachment":"scroll","background-type":"","background-media":"","overlay-type":"","overlay-color":"","overlay-opacity":"","overlay-gradient":""},"mobile":{"background-color":"var(--ast-global-color-5)","background-image":"","background-repeat":"repeat","background-position":"center center","background-size":"auto","background-attachment":"scroll","background-type":"","background-media":"","overlay-type":"","overlay-color":"","overlay-opacity":"","overlay-gradient":""}},"footnotes":""},"class_list":["post-26776","page","type-page","status-publish","hentry"],"yoast_head":"<!-- This site is optimized with the Yoast SEO plugin v27.4 - https:\/\/yoast.com\/product\/yoast-seo-wordpress\/ -->\n<title>Cookie Policy - WooSimon<\/title>\n<meta name=\"robots\" content=\"index, follow, max-snippet:-1, max-image-preview:large, max-video-preview:-1\" \/>\n<link rel=\"canonical\" href=\"https:\/\/woosimon.com\/es\/politica-de-cookies\/\" \/>\n<meta property=\"og:locale\" content=\"es_ES\" \/>\n<meta property=\"og:type\" content=\"article\" \/>\n<meta property=\"og:title\" content=\"Cookie Policy - WooSimon\" \/>\n<meta property=\"og:description\" content=\"About this cookie policy This Cookie Policy explains what cookies are and how we use them, the types of cookies we use i.e, the information we collect using cookies and how that information is used, and how to control the cookie preferences. For further information on how we use, store, and keep your personal data [&hellip;]\" \/>\n<meta property=\"og:url\" content=\"https:\/\/woosimon.com\/es\/politica-de-cookies\/\" \/>\n<meta property=\"og:site_name\" content=\"WooSimon\" \/>\n<meta property=\"article:publisher\" content=\"https:\/\/www.facebook.com\/WooSimonWeb\" \/>\n<meta property=\"article:modified_time\" content=\"2022-09-12T11:50:57+00:00\" \/>\n<meta name=\"twitter:card\" content=\"summary_large_image\" \/>\n<meta name=\"twitter:site\" content=\"@simon_whyatt\" \/>\n<meta name=\"twitter:label1\" content=\"Tiempo de lectura\" \/>\n\t<meta name=\"twitter:data1\" content=\"3 minutos\" \/>\n<script type=\"application\/ld+json\" class=\"yoast-schema-graph\">{\"@context\":\"https:\\\/\\\/schema.org\",\"@graph\":[{\"@type\":\"WebPage\",\"@id\":\"https:\\\/\\\/woosimon.com\\\/cookie-policy\\\/\",\"url\":\"https:\\\/\\\/woosimon.com\\\/cookie-policy\\\/\",\"name\":\"Cookie Policy - WooSimon\",\"isPartOf\":{\"@id\":\"https:\\\/\\\/woosimon.com\\\/#website\"},\"datePublished\":\"2021-01-25T17:32:39+00:00\",\"dateModified\":\"2022-09-12T11:50:57+00:00\",\"breadcrumb\":{\"@id\":\"https:\\\/\\\/woosimon.com\\\/cookie-policy\\\/#breadcrumb\"},\"inLanguage\":\"es\",\"potentialAction\":[{\"@type\":\"ReadAction\",\"target\":[\"https:\\\/\\\/woosimon.com\\\/cookie-policy\\\/\"]}]},{\"@type\":\"BreadcrumbList\",\"@id\":\"https:\\\/\\\/woosimon.com\\\/cookie-policy\\\/#breadcrumb\",\"itemListElement\":[{\"@type\":\"ListItem\",\"position\":1,\"name\":\"Home\",\"item\":\"https:\\\/\\\/woosimon.com\\\/\"},{\"@type\":\"ListItem\",\"position\":2,\"name\":\"Cookie Policy\"}]},{\"@type\":\"WebSite\",\"@id\":\"https:\\\/\\\/woosimon.com\\\/#website\",\"url\":\"https:\\\/\\\/woosimon.com\\\/\",\"name\":\"WooSimon\",\"description\":\"Web Solutions\",\"publisher\":{\"@id\":\"https:\\\/\\\/woosimon.com\\\/#organization\"},\"potentialAction\":[{\"@type\":\"SearchAction\",\"target\":{\"@type\":\"EntryPoint\",\"urlTemplate\":\"https:\\\/\\\/woosimon.com\\\/?s={search_term_string}\"},\"query-input\":{\"@type\":\"PropertyValueSpecification\",\"valueRequired\":true,\"valueName\":\"search_term_string\"}}],\"inLanguage\":\"es\"},{\"@type\":\"Organization\",\"@id\":\"https:\\\/\\\/woosimon.com\\\/#organization\",\"name\":\"WooSimon\",\"url\":\"https:\\\/\\\/woosimon.com\\\/\",\"logo\":{\"@type\":\"ImageObject\",\"inLanguage\":\"es\",\"@id\":\"https:\\\/\\\/woosimon.com\\\/#\\\/schema\\\/logo\\\/image\\\/\",\"url\":\"https:\\\/\\\/woosimon.com\\\/wp-content\\\/uploads\\\/2022\\\/02\\\/WooSimon-Logo-DSG.png\",\"contentUrl\":\"https:\\\/\\\/woosimon.com\\\/wp-content\\\/uploads\\\/2022\\\/02\\\/WooSimon-Logo-DSG.png\",\"width\":512,\"height\":512,\"caption\":\"WooSimon\"},\"image\":{\"@id\":\"https:\\\/\\\/woosimon.com\\\/#\\\/schema\\\/logo\\\/image\\\/\"},\"sameAs\":[\"https:\\\/\\\/www.facebook.com\\\/WooSimonWeb\",\"https:\\\/\\\/x.com\\\/simon_whyatt\",\"https:\\\/\\\/www.linkedin.com\\\/in\\\/simon-whyatt-11115110\\\/\"]}]}<\/script>\n<!-- \/ Yoast SEO plugin. -->","yoast_head_json":{"title":"Pol\u00edtica de cookies - WooSimon","robots":{"index":"index","follow":"follow","max-snippet":"max-snippet:-1","max-image-preview":"max-image-preview:large","max-video-preview":"max-video-preview:-1"},"canonical":"https:\/\/woosimon.com\/es\/politica-de-cookies\/","og_locale":"es_ES","og_type":"article","og_title":"Cookie Policy - WooSimon","og_description":"About this cookie policy This Cookie Policy explains what cookies are and how we use them, the types of cookies we use i.e, the information we collect using cookies and how that information is used, and how to control the cookie preferences. For further information on how we use, store, and keep your personal data [&hellip;]","og_url":"https:\/\/woosimon.com\/es\/politica-de-cookies\/","og_site_name":"WooSimon","article_publisher":"https:\/\/www.facebook.com\/WooSimonWeb","article_modified_time":"2022-09-12T11:50:57+00:00","twitter_card":"summary_large_image","twitter_site":"@simon_whyatt","twitter_misc":{"Tiempo de lectura":"3 minutos"},"schema":{"@context":"https:\/\/schema.org","@graph":[{"@type":"WebPage","@id":"https:\/\/woosimon.com\/cookie-policy\/","url":"https:\/\/woosimon.com\/cookie-policy\/","name":"Pol\u00edtica de cookies - WooSimon","isPartOf":{"@id":"https:\/\/woosimon.com\/#website"},"datePublished":"2021-01-25T17:32:39+00:00","dateModified":"2022-09-12T11:50:57+00:00","breadcrumb":{"@id":"https:\/\/woosimon.com\/cookie-policy\/#breadcrumb"},"inLanguage":"es","potentialAction":[{"@type":"ReadAction","target":["https:\/\/woosimon.com\/cookie-policy\/"]}]},{"@type":"BreadcrumbList","@id":"https:\/\/woosimon.com\/cookie-policy\/#breadcrumb","itemListElement":[{"@type":"ListItem","position":1,"name":"Home","item":"https:\/\/woosimon.com\/"},{"@type":"ListItem","position":2,"name":"Cookie Policy"}]},{"@type":"WebSite","@id":"https:\/\/woosimon.com\/#website","url":"https:\/\/woosimon.com\/","name":"WooSimon","description":"Soluciones web","publisher":{"@id":"https:\/\/woosimon.com\/#organization"},"potentialAction":[{"@type":"SearchAction","target":{"@type":"EntryPoint","urlTemplate":"https:\/\/woosimon.com\/?s={search_term_string}"},"query-input":{"@type":"PropertyValueSpecification","valueRequired":true,"valueName":"search_term_string"}}],"inLanguage":"es"},{"@type":"Organization","@id":"https:\/\/woosimon.com\/#organization","name":"WooSimon","url":"https:\/\/woosimon.com\/","logo":{"@type":"ImageObject","inLanguage":"es","@id":"https:\/\/woosimon.com\/#\/schema\/logo\/image\/","url":"https:\/\/woosimon.com\/wp-content\/uploads\/2022\/02\/WooSimon-Logo-DSG.png","contentUrl":"https:\/\/woosimon.com\/wp-content\/uploads\/2022\/02\/WooSimon-Logo-DSG.png","width":512,"height":512,"caption":"WooSimon"},"image":{"@id":"https:\/\/woosimon.com\/#\/schema\/logo\/image\/"},"sameAs":["https:\/\/www.facebook.com\/WooSimonWeb","https:\/\/x.com\/simon_whyatt","https:\/\/www.linkedin.com\/in\/simon-whyatt-11115110\/"]}]}},"uagb_featured_image_src":{"full":false,"thumbnail":false,"medium":false,"medium_large":false,"large":false,"1536x1536":false,"2048x2048":false,"trp-custom-language-flag":false,"widget-thumbnail":false,"mailpoet_newsletter_max":false},"uagb_author_info":{"display_name":"Simon Whyatt","author_link":"https:\/\/woosimon.com\/es\/author\/siwhyatt\/"},"uagb_comment_info":0,"uagb_excerpt":"About this cookie policy This Cookie Policy explains what cookies are and how we use them, the types of cookies we use i.e, the information we collect using cookies and how that information is used, and how to control the cookie preferences. For further information on how we use, store, and keep your personal data&hellip;","jetpack_sharing_enabled":true,"_links":{"self":[{"href":"https:\/\/woosimon.com\/es\/wp-json\/wp\/v2\/pages\/26776","targetHints":{"allow":["GET"]}}],"collection":[{"href":"https:\/\/woosimon.com\/es\/wp-json\/wp\/v2\/pages"}],"about":[{"href":"https:\/\/woosimon.com\/es\/wp-json\/wp\/v2\/types\/page"}],"author":[{"embeddable":true,"href":"https:\/\/woosimon.com\/es\/wp-json\/wp\/v2\/users\/1"}],"replies":[{"embeddable":true,"href":"https:\/\/woosimon.com\/es\/wp-json\/wp\/v2\/comments?post=26776"}],"version-history":[{"count":0,"href":"https:\/\/woosimon.com\/es\/wp-json\/wp\/v2\/pages\/26776\/revisions"}],"wp:attachment":[{"href":"https:\/\/woosimon.com\/es\/wp-json\/wp\/v2\/media?parent=26776"}],"curies":[{"name":"palabra clave","href":"https:\/\/api.w.org\/{rel}","templated":true}]}}