{"id":3,"date":"2020-07-10T07:15:43","date_gmt":"2020-07-10T07:15:43","guid":{"rendered":"https:\/\/box5801\/cgi\/addon_GT.cgi?s=GT::WP::Install::EIG+%28lachical%29+-+10.0.87.62+%5BWordPress%3b+\/var\/hp\/common\/lib\/WordPress.pm%3b+295%3b+Hosting::gap_call%5D\/?page_id=3"},"modified":"2022-02-25T16:00:58","modified_gmt":"2022-02-25T15:00:58","slug":"politica-de-privacitat","status":"publish","type":"page","link":"https:\/\/woosimon.com\/ca\/politica-de-privacitat\/","title":{"rendered":"Pol\u00edtica de privacitat"},"content":{"rendered":"<h2 class=\"wp-block-heading\">Qui som<\/h2>\n\n\n\n<p>L&#039;adre\u00e7a de la nostra p\u00e0gina web \u00e9s: https:\/\/woosimon.com.<\/p>\n\n\n\n<h2 class=\"wp-block-heading\">Quines dades personals recollim i per qu\u00e8 les recollim<\/h2>\n\n\n\n<h3 class=\"wp-block-heading\">Comentaris<\/h3>\n\n\n\n<p>Quan els visitants deixen comentaris al lloc, recollim les dades que es mostren al formulari de comentaris, i tamb\u00e9 l&#039;adre\u00e7a IP del visitant i la cadena d&#039;agent d&#039;usuari del navegador per ajudar a la detecci\u00f3 de correu brossa.<\/p>\n\n\n\n<p>Es pot proporcionar una cadena an\u00f2nima creada a partir de la vostra adre\u00e7a de correu electr\u00f2nic (tamb\u00e9 anomenada hash) al servei Gravatar per veure si l&#039;est\u00e0s utilitzant. La pol\u00edtica de privadesa del servei Gravatar est\u00e0 disponible aqu\u00ed: https:\/\/automattic.com\/privacy\/. Despr\u00e9s de l&#039;aprovaci\u00f3 del teu comentari, la teva foto de perfil \u00e9s visible per al p\u00fablic en el context del teu comentari.<\/p>\n\n\n\n<h3 class=\"wp-block-heading\">Mitjans de comunicaci\u00f3<\/h3>\n\n\n\n<p>Si carregueu imatges al lloc web, haur\u00edeu d&#039;evitar penjar imatges amb dades d&#039;ubicaci\u00f3 incrustades (GPS EXIF) incloses. Els visitants del lloc web poden descarregar i extreure qualsevol dada d&#039;ubicaci\u00f3 de les imatges del lloc web.<\/p>\n\n\n\n<h3 class=\"wp-block-heading\">Formularis de contacte<\/h3>\n\n\n\n<p>Si envieu un missatge a trav\u00e9s d&#039;un dels nostres formularis de contacte, recollim el vostre nom, correu electr\u00f2nic i missatge. Aquesta informaci\u00f3 mai es comparteix amb tercers i \u00e9s confidencial 100%.<\/p>\n\n\n\n<h3 class=\"wp-block-heading\">Galetes<\/h3>\n\n\n\n<p>Veure el nostre <a href=\"https:\/\/woosimon.com\/ca\/politica-de-cookies\/\">Pol\u00edtica de cookies aqu\u00ed<\/a>.<\/p>\n\n\n\n<h3 class=\"wp-block-heading\">Contingut incrustat d&#039;altres llocs web<\/h3>\n\n\n\n<p>Els articles d&#039;aquest lloc poden incloure contingut incrustat (per exemple, v\u00eddeos, imatges, articles, etc.). El contingut incrustat d&#039;altres llocs web es comporta exactament de la mateixa manera que si el visitant hagu\u00e9s visitat l&#039;altre lloc web.<\/p>\n\n\n\n<p>Aquests llocs web poden recopilar dades sobre vost\u00e8, utilitzar galetes, incrustar un seguiment addicional de tercers i supervisar la seva interacci\u00f3 amb aquest contingut incrustat, incl\u00f2s el seguiment de la seva interacci\u00f3 amb el contingut incrustat si teniu un compte i heu iniciat sessi\u00f3 en aquest lloc web.<\/p>\n\n\n\n<h3 class=\"wp-block-heading\">Anal\u00edtica<\/h3>\n\n\n\n<h2 class=\"wp-block-heading\">Amb qui compartim les teves dades<\/h2>\n\n\n\n<p>Compartim dades an\u00f2nimes amb Google Analytics per entendre millor el comportament i els perfils dels usuaris.<\/p>\n\n\n\n<p>Mai vendr\u00edem, compartir\u00edem o compromet\u00edem les vostres dades de cap manera.<\/p>\n\n\n\n<h2 class=\"wp-block-heading\">Quant de temps conservem les vostres dades<\/h2>\n\n\n\n<p>Si deixeu un comentari, el comentari i les seves metadades es conserven indefinidament. Aix\u00f2 \u00e9s perqu\u00e8 puguem recon\u00e8ixer i aprovar qualsevol comentari de seguiment autom\u00e0ticament en lloc de mantenir-los en una cua de moderaci\u00f3.<\/p>\n\n\n\n<p>Per als usuaris que es registren al nostre lloc web (si n&#039;hi ha), tamb\u00e9 emmagatzemem la informaci\u00f3 personal que proporcionen al seu perfil d&#039;usuari. Tots els usuaris poden veure, editar o suprimir la seva informaci\u00f3 personal en qualsevol moment (excepte que no poden canviar el seu nom d&#039;usuari). Els administradors del lloc web tamb\u00e9 poden veure i editar aquesta informaci\u00f3.<\/p>\n\n\n\n<h2 class=\"wp-block-heading\">Quins drets tens sobre les teves dades<\/h2>\n\n\n\n<p>Si teniu un compte en aquest lloc o heu deixat comentaris, podeu sol\u00b7licitar rebre un fitxer exportat de les dades personals que tenim sobre vosaltres, incloses les dades que ens h\u00e0giu proporcionat. Tamb\u00e9 podeu sol\u00b7licitar que esborrem les dades personals que tenim sobre vosaltres. Aix\u00f2 no inclou cap dada que estem obligats a conservar amb finalitats administratives, legals o de seguretat.<\/p>\n\n\n\n<h2 class=\"wp-block-heading\">On enviem les teves dades<\/h2>\n\n\n\n<p>Els comentaris dels visitants es poden comprovar mitjan\u00e7ant un servei automatitzat de detecci\u00f3 de correu brossa.<\/p>\n\n\n\n<h2 class=\"wp-block-heading\">Informaci\u00f3 adicional<\/h2>\n\n\n\n<h3 class=\"wp-block-heading\">Com protegim les vostres dades<\/h3>\n\n\n\n<p>Mai compartirem ni vendrem les vostres dades a un tercer. El nostre lloc est\u00e0 protegit per SSL, totes les nostres comunicacions de correu electr\u00f2nic estan xifrades i utilitzem la seguretat d&#039;iThemes per protegir encara m\u00e9s el nostre lloc contra els pirates inform\u00e0tics.<\/p>","protected":false},"excerpt":{"rendered":"<p>Who we are Our website address is: https:\/\/woosimon.com. What personal data we collect and why we collect it Comments When visitors leave comments on the site we collect the data shown in the comments form, and also the visitor\u2019s IP address and browser user agent string to help spam detection. An anonymized string created from [&hellip;]<\/p>\n","protected":false},"author":1,"featured_media":0,"parent":0,"menu_order":0,"comment_status":"closed","ping_status":"open","template":"","meta":{"_uag_custom_page_level_css":"","site-sidebar-layout":"default","site-content-layout":"content-boxed-container","ast-site-content-layout":"default","site-content-style":"default","site-sidebar-style":"default","ast-global-header-display":"","ast-banner-title-visibility":"","ast-main-header-display":"","ast-hfb-above-header-display":"","ast-hfb-below-header-display":"","ast-hfb-mobile-header-display":"","site-post-title":"","ast-breadcrumbs-content":"","ast-featured-img":"","footer-sml-layout":"","ast-disable-related-posts":"","theme-transparent-header-meta":"default","adv-header-id-meta":"","stick-header-meta":"default","header-above-stick-meta":"","header-main-stick-meta":"","header-below-stick-meta":"","astra-migrate-meta-layouts":"default","ast-page-background-enabled":"default","ast-page-background-meta":{"desktop":{"background-color":"var(--ast-global-color-4)","background-image":"","background-repeat":"repeat","background-position":"center center","background-size":"auto","background-attachment":"scroll","background-type":"","background-media":"","overlay-type":"","overlay-color":"","overlay-opacity":"","overlay-gradient":""},"tablet":{"background-color":"","background-image":"","background-repeat":"repeat","background-position":"center center","background-size":"auto","background-attachment":"scroll","background-type":"","background-media":"","overlay-type":"","overlay-color":"","overlay-opacity":"","overlay-gradient":""},"mobile":{"background-color":"","background-image":"","background-repeat":"repeat","background-position":"center center","background-size":"auto","background-attachment":"scroll","background-type":"","background-media":"","overlay-type":"","overlay-color":"","overlay-opacity":"","overlay-gradient":""}},"ast-content-background-meta":{"desktop":{"background-color":"var(--ast-global-color-5)","background-image":"","background-repeat":"repeat","background-position":"center center","background-size":"auto","background-attachment":"scroll","background-type":"","background-media":"","overlay-type":"","overlay-color":"","overlay-opacity":"","overlay-gradient":""},"tablet":{"background-color":"var(--ast-global-color-5)","background-image":"","background-repeat":"repeat","background-position":"center center","background-size":"auto","background-attachment":"scroll","background-type":"","background-media":"","overlay-type":"","overlay-color":"","overlay-opacity":"","overlay-gradient":""},"mobile":{"background-color":"var(--ast-global-color-5)","background-image":"","background-repeat":"repeat","background-position":"center center","background-size":"auto","background-attachment":"scroll","background-type":"","background-media":"","overlay-type":"","overlay-color":"","overlay-opacity":"","overlay-gradient":""}},"footnotes":""},"class_list":["post-3","page","type-page","status-publish","hentry"],"yoast_head":"<!-- This site is optimized with the Yoast SEO plugin v27.3 - https:\/\/yoast.com\/product\/yoast-seo-wordpress\/ -->\n<title>Privacy Policy - WooSimon<\/title>\n<meta name=\"robots\" content=\"index, follow, max-snippet:-1, max-image-preview:large, max-video-preview:-1\" \/>\n<link rel=\"canonical\" href=\"https:\/\/woosimon.com\/ca\/politica-de-privacitat\/\" \/>\n<meta property=\"og:locale\" content=\"ca_ES\" \/>\n<meta property=\"og:type\" content=\"article\" \/>\n<meta property=\"og:title\" content=\"Privacy Policy - WooSimon\" \/>\n<meta property=\"og:description\" content=\"Who we are Our website address is: https:\/\/woosimon.com. What personal data we collect and why we collect it Comments When visitors leave comments on the site we collect the data shown in the comments form, and also the visitor\u2019s IP address and browser user agent string to help spam detection. An anonymized string created from [&hellip;]\" \/>\n<meta property=\"og:url\" content=\"https:\/\/woosimon.com\/ca\/politica-de-privacitat\/\" \/>\n<meta property=\"og:site_name\" content=\"WooSimon\" \/>\n<meta property=\"article:publisher\" content=\"https:\/\/www.facebook.com\/WooSimonWeb\" \/>\n<meta property=\"article:modified_time\" content=\"2022-02-25T15:00:58+00:00\" \/>\n<meta name=\"twitter:card\" content=\"summary_large_image\" \/>\n<meta name=\"twitter:site\" content=\"@simon_whyatt\" \/>\n<meta name=\"twitter:label1\" content=\"Temps estimat de lectura\" \/>\n\t<meta name=\"twitter:data1\" content=\"3 minuts\" \/>\n<script type=\"application\/ld+json\" class=\"yoast-schema-graph\">{\"@context\":\"https:\\\/\\\/schema.org\",\"@graph\":[{\"@type\":\"WebPage\",\"@id\":\"https:\\\/\\\/woosimon.com\\\/privacy-policy\\\/\",\"url\":\"https:\\\/\\\/woosimon.com\\\/privacy-policy\\\/\",\"name\":\"Privacy Policy - WooSimon\",\"isPartOf\":{\"@id\":\"https:\\\/\\\/woosimon.com\\\/#website\"},\"datePublished\":\"2020-07-10T07:15:43+00:00\",\"dateModified\":\"2022-02-25T15:00:58+00:00\",\"breadcrumb\":{\"@id\":\"https:\\\/\\\/woosimon.com\\\/privacy-policy\\\/#breadcrumb\"},\"inLanguage\":\"ca\",\"potentialAction\":[{\"@type\":\"ReadAction\",\"target\":[\"https:\\\/\\\/woosimon.com\\\/privacy-policy\\\/\"]}]},{\"@type\":\"BreadcrumbList\",\"@id\":\"https:\\\/\\\/woosimon.com\\\/privacy-policy\\\/#breadcrumb\",\"itemListElement\":[{\"@type\":\"ListItem\",\"position\":1,\"name\":\"Home\",\"item\":\"https:\\\/\\\/woosimon.com\\\/\"},{\"@type\":\"ListItem\",\"position\":2,\"name\":\"Privacy Policy\"}]},{\"@type\":\"WebSite\",\"@id\":\"https:\\\/\\\/woosimon.com\\\/#website\",\"url\":\"https:\\\/\\\/woosimon.com\\\/\",\"name\":\"WooSimon\",\"description\":\"Web Solutions\",\"publisher\":{\"@id\":\"https:\\\/\\\/woosimon.com\\\/#organization\"},\"potentialAction\":[{\"@type\":\"SearchAction\",\"target\":{\"@type\":\"EntryPoint\",\"urlTemplate\":\"https:\\\/\\\/woosimon.com\\\/?s={search_term_string}\"},\"query-input\":{\"@type\":\"PropertyValueSpecification\",\"valueRequired\":true,\"valueName\":\"search_term_string\"}}],\"inLanguage\":\"ca\"},{\"@type\":\"Organization\",\"@id\":\"https:\\\/\\\/woosimon.com\\\/#organization\",\"name\":\"WooSimon\",\"url\":\"https:\\\/\\\/woosimon.com\\\/\",\"logo\":{\"@type\":\"ImageObject\",\"inLanguage\":\"ca\",\"@id\":\"https:\\\/\\\/woosimon.com\\\/#\\\/schema\\\/logo\\\/image\\\/\",\"url\":\"https:\\\/\\\/woosimon.com\\\/wp-content\\\/uploads\\\/2022\\\/02\\\/WooSimon-Logo-DSG.png\",\"contentUrl\":\"https:\\\/\\\/woosimon.com\\\/wp-content\\\/uploads\\\/2022\\\/02\\\/WooSimon-Logo-DSG.png\",\"width\":512,\"height\":512,\"caption\":\"WooSimon\"},\"image\":{\"@id\":\"https:\\\/\\\/woosimon.com\\\/#\\\/schema\\\/logo\\\/image\\\/\"},\"sameAs\":[\"https:\\\/\\\/www.facebook.com\\\/WooSimonWeb\",\"https:\\\/\\\/x.com\\\/simon_whyatt\",\"https:\\\/\\\/www.linkedin.com\\\/in\\\/simon-whyatt-11115110\\\/\"]}]}<\/script>\n<!-- \/ Yoast SEO plugin. -->","yoast_head_json":{"title":"Pol\u00edtica de privadesa - WooSimon","robots":{"index":"index","follow":"follow","max-snippet":"max-snippet:-1","max-image-preview":"max-image-preview:large","max-video-preview":"max-video-preview:-1"},"canonical":"https:\/\/woosimon.com\/ca\/politica-de-privacitat\/","og_locale":"ca_ES","og_type":"article","og_title":"Privacy Policy - WooSimon","og_description":"Who we are Our website address is: https:\/\/woosimon.com. What personal data we collect and why we collect it Comments When visitors leave comments on the site we collect the data shown in the comments form, and also the visitor\u2019s IP address and browser user agent string to help spam detection. An anonymized string created from [&hellip;]","og_url":"https:\/\/woosimon.com\/ca\/politica-de-privacitat\/","og_site_name":"WooSimon","article_publisher":"https:\/\/www.facebook.com\/WooSimonWeb","article_modified_time":"2022-02-25T15:00:58+00:00","twitter_card":"summary_large_image","twitter_site":"@simon_whyatt","twitter_misc":{"Temps estimat de lectura":"3 minuts"},"schema":{"@context":"https:\/\/schema.org","@graph":[{"@type":"WebPage","@id":"https:\/\/woosimon.com\/privacy-policy\/","url":"https:\/\/woosimon.com\/privacy-policy\/","name":"Pol\u00edtica de privadesa - WooSimon","isPartOf":{"@id":"https:\/\/woosimon.com\/#website"},"datePublished":"2020-07-10T07:15:43+00:00","dateModified":"2022-02-25T15:00:58+00:00","breadcrumb":{"@id":"https:\/\/woosimon.com\/privacy-policy\/#breadcrumb"},"inLanguage":"ca","potentialAction":[{"@type":"ReadAction","target":["https:\/\/woosimon.com\/privacy-policy\/"]}]},{"@type":"BreadcrumbList","@id":"https:\/\/woosimon.com\/privacy-policy\/#breadcrumb","itemListElement":[{"@type":"ListItem","position":1,"name":"Home","item":"https:\/\/woosimon.com\/"},{"@type":"ListItem","position":2,"name":"Privacy Policy"}]},{"@type":"WebSite","@id":"https:\/\/woosimon.com\/#website","url":"https:\/\/woosimon.com\/","name":"WooSimon","description":"Solucions Web","publisher":{"@id":"https:\/\/woosimon.com\/#organization"},"potentialAction":[{"@type":"SearchAction","target":{"@type":"EntryPoint","urlTemplate":"https:\/\/woosimon.com\/?s={search_term_string}"},"query-input":{"@type":"PropertyValueSpecification","valueRequired":true,"valueName":"search_term_string"}}],"inLanguage":"ca"},{"@type":"Organization","@id":"https:\/\/woosimon.com\/#organization","name":"WooSimon","url":"https:\/\/woosimon.com\/","logo":{"@type":"ImageObject","inLanguage":"ca","@id":"https:\/\/woosimon.com\/#\/schema\/logo\/image\/","url":"https:\/\/woosimon.com\/wp-content\/uploads\/2022\/02\/WooSimon-Logo-DSG.png","contentUrl":"https:\/\/woosimon.com\/wp-content\/uploads\/2022\/02\/WooSimon-Logo-DSG.png","width":512,"height":512,"caption":"WooSimon"},"image":{"@id":"https:\/\/woosimon.com\/#\/schema\/logo\/image\/"},"sameAs":["https:\/\/www.facebook.com\/WooSimonWeb","https:\/\/x.com\/simon_whyatt","https:\/\/www.linkedin.com\/in\/simon-whyatt-11115110\/"]}]}},"uagb_featured_image_src":{"full":false,"thumbnail":false,"medium":false,"medium_large":false,"large":false,"1536x1536":false,"2048x2048":false,"trp-custom-language-flag":false,"widget-thumbnail":false,"mailpoet_newsletter_max":false},"uagb_author_info":{"display_name":"Simon Whyatt","author_link":"https:\/\/woosimon.com\/ca\/author\/siwhyatt\/"},"uagb_comment_info":0,"uagb_excerpt":"Who we are Our website address is: https:\/\/woosimon.com. What personal data we collect and why we collect it Comments When visitors leave comments on the site we collect the data shown in the comments form, and also the visitor\u2019s IP address and browser user agent string to help spam detection. An anonymized string created from&hellip;","jetpack_sharing_enabled":true,"_links":{"self":[{"href":"https:\/\/woosimon.com\/ca\/wp-json\/wp\/v2\/pages\/3","targetHints":{"allow":["GET"]}}],"collection":[{"href":"https:\/\/woosimon.com\/ca\/wp-json\/wp\/v2\/pages"}],"about":[{"href":"https:\/\/woosimon.com\/ca\/wp-json\/wp\/v2\/types\/page"}],"author":[{"embeddable":true,"href":"https:\/\/woosimon.com\/ca\/wp-json\/wp\/v2\/users\/1"}],"replies":[{"embeddable":true,"href":"https:\/\/woosimon.com\/ca\/wp-json\/wp\/v2\/comments?post=3"}],"version-history":[{"count":0,"href":"https:\/\/woosimon.com\/ca\/wp-json\/wp\/v2\/pages\/3\/revisions"}],"wp:attachment":[{"href":"https:\/\/woosimon.com\/ca\/wp-json\/wp\/v2\/media?parent=3"}],"curies":[{"name":"wp","href":"https:\/\/api.w.org\/{rel}","templated":true}]}}