{"id":26776,"date":"2021-01-25T18:32:39","date_gmt":"2021-01-25T17:32:39","guid":{"rendered":"https:\/\/woosimon.com\/?page_id=26776"},"modified":"2022-09-12T12:50:57","modified_gmt":"2022-09-12T11:50:57","slug":"politica-de-cookies","status":"publish","type":"page","link":"https:\/\/woosimon.com\/ca\/politica-de-cookies\/","title":{"rendered":"Pol\u00edtica de cookies"},"content":{"rendered":"<h3 class=\"wp-block-heading\" id=\"h-about-this-cookie-policy\">Sobre aquesta pol\u00edtica de cookies<\/h3>\n\n\n\n<p>Aquesta Pol\u00edtica de galetes explica qu\u00e8 s\u00f3n les galetes i com les fem servir, els tipus de galetes que fem servir, \u00e9s a dir, la informaci\u00f3 que recopilem mitjan\u00e7ant les galetes i com s&#039;utilitza aquesta informaci\u00f3 i com controlar les prefer\u00e8ncies de les galetes. Per obtenir m\u00e9s informaci\u00f3 sobre com utilitzem, emmagatzemem i mantenim les vostres dades personals segures, consulteu el nostre <a href=\"https:\/\/woosimon.com\/ca\/politica-de-privacitat\/\">Pol\u00edtica de privacitat.<\/a><\/p>\n\n\n\n<p>En qualsevol moment pot canviar o retirar el seu consentiment de la Declaraci\u00f3 de cookies del nostre lloc web<\/p>\n\n\n\n<p>Obteniu m\u00e9s informaci\u00f3 sobre qui som, com podeu contactar amb nosaltres i com tractem les dades personals al nostre<a href=\"https:\/\/woosimon.com\/ca\/politica-de-privacitat\/\"> Pol\u00edtica de privadesa<\/a>.<\/p>\n\n\n\n<p>El vostre consentiment s&#039;aplica als dominis seg\u00fcents: www.woosimon.com <div class=\"cli_user_consent_state\">L&#039;estat actual: No s&#039;ha donat consentiment. <a class=\"cli_manage_current_consent\" style=\"cursor:pointer;text-decoration:underline;\">Gestiona el consentiment.<\/a> <\/div><\/p>\n\n\n\n<h3 class=\"wp-block-heading\" id=\"h-what-are-cookies\">Qu\u00e8 s\u00f3n les galetes?<\/h3>\n\n\n\n<p>Les galetes s\u00f3n petits fitxers de text que s&#039;utilitzen per emmagatzemar petites peces d&#039;informaci\u00f3. S&#039;emmagatzemen al vostre dispositiu quan el lloc web es carrega al vostre navegador. Aquestes cookies ens ajuden a fer que el lloc web funcioni correctament, a fer-lo m\u00e9s segur, a oferir una millor experi\u00e8ncia d&#039;usuari i a entendre com funciona el lloc web i a analitzar qu\u00e8 funciona i on cal millorar.<\/p>\n\n\n\n<h3 class=\"wp-block-heading\" id=\"h-how-do-we-use-cookies\">Com fem servir les cookies?<\/h3>\n\n\n\n<p>El nostre lloc web utilitza cookies pr\u00f2pies i de tercers per a diverses finalitats. Les galetes pr\u00f2pies s\u00f3n b\u00e0sicament necess\u00e0ries perqu\u00e8 el lloc web funcioni correctament i no recullen cap de les vostres dades d&#039;identificaci\u00f3 personal. Les galetes de tercers que s&#039;utilitzen al nostre lloc web s\u00f3n principalment per entendre com funciona el lloc web, com interactueu amb el nostre lloc web, mantenint els nostres serveis segurs, oferint ofertes de productes rellevants per a vost\u00e8 i, tot plegat, oferint-li una experi\u00e8ncia d&#039;usuari millor i millorada i ajudant a accelerar les seves futures interaccions amb el nostre lloc web.<\/p>\n\n\n\n<h3 class=\"wp-block-heading\" id=\"h-what-types-of-cookies-do-we-use\">Quins tipus de cookies utilitzem?<\/h3>\n\n\n\n<p>Essencial: algunes galetes s\u00f3n essencials perqu\u00e8 pugueu gaudir de la funcionalitat completa del nostre lloc. Ens permeten mantenir les sessions dels usuaris i prevenir qualsevol amena\u00e7a de seguretat. No recullen ni emmagatzemen cap informaci\u00f3 personal. Per exemple, aquestes galetes us permeten iniciar sessi\u00f3 al vostre compte i afegir productes a la vostra cistella i fer la compra de manera segura.<\/p>\n\n\n\n<p>Estad\u00edstiques: aquestes cookies emmagatzemen informaci\u00f3 com el nombre de visitants al lloc web, el nombre de visitants \u00fanics, quines p\u00e0gines del lloc web s&#039;han visitat, l&#039;origen de la visita, etc. Aquestes dades ens ajuden a entendre i analitzar el bon rendiment del lloc web. i on cal millorar.<\/p>\n\n\n\n<p>M\u00e0rqueting: aquestes cookies s&#039;utilitzen per personalitzar els correus electr\u00f2nics que us enviem si esteu subscrit a la nostra llista de correu perqu\u00e8 siguin m\u00e9s adequats per a vosaltres. Aquestes cookies tamb\u00e9 ens ajuden a fer un seguiment de l&#039;efici\u00e8ncia d&#039;aquests correus electr\u00f2nics.<\/p>\n\n\n\n<p>Funcionals: s\u00f3n les cookies que ajuden a determinades funcionalitats no essencials del nostre lloc web. Aquestes funcionalitats inclouen incrustar contingut com ara v\u00eddeos o compartir contingut del lloc web a plataformes de xarxes socials.<\/p>\n\n\n\n<p>Prefer\u00e8ncies: aquestes galetes ens ajuden a emmagatzemar la vostra configuraci\u00f3 i prefer\u00e8ncies de navegaci\u00f3, com ara emmagatzemar els vostres detalls d&#039;inici de sessi\u00f3 perqu\u00e8 tingueu una experi\u00e8ncia millor i eficient en futures visites al lloc web.<\/p>\n\n\n<table class=\"cookielawinfo-row-cat-table cookielawinfo-classic\"><thead><tr><th class=\"cookielawinfo-column-1\">Galeta<\/th><th class=\"cookielawinfo-column-4\">Descripci\u00f3<\/th><\/tr><\/thead><tbody><tr class=\"cookielawinfo-row\"><td class=\"cookielawinfo-column-1\">_ga<\/td><td class=\"cookielawinfo-column-4\">La galeta _ga, instal\u00b7lada per Google Analytics, calcula les dades de visitants, sessions i campanyes i tamb\u00e9 fa un seguiment de l&#039;\u00fas del lloc per a l&#039;informe d&#039;an\u00e0lisi del lloc. La galeta emmagatzema informaci\u00f3 de forma an\u00f2nima i assigna un n\u00famero generat aleat\u00f2riament per recon\u00e8ixer els visitants \u00fanics.<\/td><\/tr><tr class=\"cookielawinfo-row\"><td class=\"cookielawinfo-column-1\">_ga_8J0W9NF9X0<\/td><td class=\"cookielawinfo-column-4\">Aquesta cookie \u00e9s instal\u00b7lada per Google Analytics.<\/td><\/tr><tr class=\"cookielawinfo-row\"><td class=\"cookielawinfo-column-1\">_gat_gtag_UA_172685456_1<\/td><td class=\"cookielawinfo-column-4\">Definit per Google per distingir els usuaris.<\/td><\/tr><tr class=\"cookielawinfo-row\"><td class=\"cookielawinfo-column-1\">_gid<\/td><td class=\"cookielawinfo-column-4\">Instal\u00b7lada per Google Analytics, la galeta _gid emmagatzema informaci\u00f3 sobre com els visitants utilitzen un lloc web, alhora que crea un informe anal\u00edtic del rendiment del lloc web. Algunes de les dades que es recullen inclouen el nombre de visitants, la seva font i les p\u00e0gines que visiten de manera an\u00f2nima.<\/td><\/tr><tr class=\"cookielawinfo-row\"><td class=\"cookielawinfo-column-1\">activechatyWidgets<\/td><td class=\"cookielawinfo-column-4\">Sense descripci\u00f3<\/td><\/tr><tr class=\"cookielawinfo-row\"><td class=\"cookielawinfo-column-1\">chatyWidget__1<\/td><td class=\"cookielawinfo-column-4\">Sense descripci\u00f3<\/td><\/tr><tr class=\"cookielawinfo-row\"><td class=\"cookielawinfo-column-1\">chatyWidget_0<\/td><td class=\"cookielawinfo-column-4\">Sense descripci\u00f3<\/td><\/tr><tr class=\"cookielawinfo-row\"><td class=\"cookielawinfo-column-1\">cookielawinfo-checkbox-advertisement<\/td><td class=\"cookielawinfo-column-4\">Establida pel complement de consentiment de galetes GDPR, aquesta galeta s&#039;utilitza per registrar el consentiment de l&#039;usuari per a les galetes a la categoria &quot;Anunci&quot;.<\/td><\/tr><tr class=\"cookielawinfo-row\"><td class=\"cookielawinfo-column-1\">cookielawinfo-checkbox-analytics<\/td><td class=\"cookielawinfo-column-4\">Establida pel connector de consentiment de galetes GDPR, aquesta galeta s&#039;utilitza per registrar el consentiment de l&#039;usuari per a les galetes a la categoria &quot;Analytics&quot;.<\/td><\/tr><tr class=\"cookielawinfo-row\"><td class=\"cookielawinfo-column-1\">cookielawinfo-checkbox-functional<\/td><td class=\"cookielawinfo-column-4\">La galeta la configura el connector de consentiment de galetes GDPR per registrar el consentiment de l&#039;usuari per a les galetes a la categoria &quot;Funcionals&quot;.<\/td><\/tr><tr class=\"cookielawinfo-row\"><td class=\"cookielawinfo-column-1\">cookielawinfo-checkbox-necessari<\/td><td class=\"cookielawinfo-column-4\">Establida pel complement de consentiment de galetes GDPR, aquesta galeta s&#039;utilitza per registrar el consentiment de l&#039;usuari per a les galetes a la categoria &quot;Necess\u00e0ries&quot;.<\/td><\/tr><tr class=\"cookielawinfo-row\"><td class=\"cookielawinfo-column-1\">cookielawinfo-checkbox-altres<\/td><td class=\"cookielawinfo-column-4\">Establida pel complement de consentiment de galetes GDPR, aquesta galeta s&#039;utilitza per emmagatzemar el consentiment de l&#039;usuari per a les galetes a la categoria &quot;Altres&quot;.<\/td><\/tr><tr class=\"cookielawinfo-row\"><td class=\"cookielawinfo-column-1\">cookielawinfo-checkbox-performance<\/td><td class=\"cookielawinfo-column-4\">Establida pel complement de consentiment de galetes GDPR, aquesta galeta s&#039;utilitza per emmagatzemar el consentiment de l&#039;usuari per a les galetes a la categoria &quot;Rendiment&quot;.<\/td><\/tr><tr class=\"cookielawinfo-row\"><td class=\"cookielawinfo-column-1\">CookieLawInfoConsent<\/td><td class=\"cookielawinfo-column-4\">Enregistra l&#039;estat del bot\u00f3 predeterminat de la categoria corresponent i l&#039;estat de CCPA. Nom\u00e9s funciona en coordinaci\u00f3 amb la galeta principal.<\/td><\/tr><tr class=\"cookielawinfo-row\"><td class=\"cookielawinfo-column-1\">cppro-ft<\/td><td class=\"cookielawinfo-column-4\">Aquesta galeta no guarda cap informaci\u00f3 personal. Simplement s&#039;utilitzen per fer un seguiment de com s&#039;ha comportat un usuari al vostre lloc web o una crida a l&#039;acci\u00f3. Es poden fer un seguiment dels esdeveniments com ara l&#039;enviament o el tancament amb \u00e8xit mitjan\u00e7ant galetes.<\/td><\/tr><tr class=\"cookielawinfo-row\"><td class=\"cookielawinfo-column-1\">estil cppro-ft<\/td><td class=\"cookielawinfo-column-4\">Aquesta galeta s&#039;utilitza per fer un seguiment de com s&#039;ha comportat un usuari al lloc web o una crida a l&#039;acci\u00f3. Es poden fer un seguiment dels esdeveniments com ara l&#039;enviament o el tancament amb \u00e8xit mitjan\u00e7ant galetes.<\/td><\/tr><tr class=\"cookielawinfo-row\"><td class=\"cookielawinfo-column-1\">cppro-ft-style-temp<\/td><td class=\"cookielawinfo-column-4\">Aquesta galeta s&#039;utilitza per fer un seguiment de com s&#039;ha comportat un usuari al lloc web o una crida a l&#039;acci\u00f3. Es poden fer un seguiment dels esdeveniments com ara l&#039;enviament o el tancament amb \u00e8xit mitjan\u00e7ant galetes.<\/td><\/tr><tr class=\"cookielawinfo-row\"><td class=\"cookielawinfo-column-1\">fr<\/td><td class=\"cookielawinfo-column-4\">Facebook estableix aquesta galeta per mostrar anuncis rellevants als usuaris mitjan\u00e7ant el seguiment del comportament dels usuaris a trav\u00e9s del web, en llocs que tenen p\u00edxel de Facebook o connector social de Facebook.<\/td><\/tr><tr class=\"cookielawinfo-row\"><td class=\"cookielawinfo-column-1\">kingsumo_session__<\/td><td class=\"cookielawinfo-column-4\">No hi ha descripci\u00f3 disponible.<\/td><\/tr><tr class=\"cookielawinfo-row\"><td class=\"cookielawinfo-column-1\">PHPSESSID<\/td><td class=\"cookielawinfo-column-4\">Aquesta galeta \u00e9s nativa de les aplicacions PHP. La galeta s&#039;utilitza per emmagatzemar i identificar l&#039;identificador de sessi\u00f3 \u00fanic d&#039;un usuari amb la finalitat de gestionar la sessi\u00f3 d&#039;usuari al lloc web. La cookie \u00e9s una cookie de sessi\u00f3 i s&#039;elimina quan es tanquen totes les finestres del navegador.<\/td><\/tr><tr class=\"cookielawinfo-row\"><td class=\"cookielawinfo-column-1\">XSRF-TOKEN<\/td><td class=\"cookielawinfo-column-4\">Aquesta galeta la configura WordPress i s&#039;utilitza amb finalitats de seguretat.<\/td><\/tr><\/tbody><\/table>\n\n\n\n<h3 class=\"wp-block-heading\" id=\"h-how-can-i-control-the-cookie-preferences\">Com puc controlar les prefer\u00e8ncies de les galetes?<\/h3>\n\n\n\n<p>Si decideixes canviar les teves prefer\u00e8ncies m\u00e9s tard durant la teva sessi\u00f3 de navegaci\u00f3, pots fer clic aqu\u00ed: <div class=\"cli_user_consent_state\">L&#039;estat actual: No s&#039;ha donat consentiment. <a class=\"cli_manage_current_consent\" style=\"cursor:pointer;text-decoration:underline;\">Gestiona el consentiment.<\/a> <\/div>. Aix\u00f2 tornar\u00e0 a mostrar l&#039;av\u00eds de consentiment que us permetr\u00e0 canviar les vostres prefer\u00e8ncies o retirar el vostre consentiment completament.<\/p>\n\n\n\n<p>A m\u00e9s d&#039;aix\u00f2, diferents navegadors ofereixen diferents m\u00e8todes per bloquejar i eliminar les cookies utilitzades pels llocs web. Podeu canviar la configuraci\u00f3 del vostre navegador per bloquejar\/eliminar les cookies. Per obtenir m\u00e9s informaci\u00f3 sobre com gestionar i eliminar les galetes, visiteu wikipedia.org, www.allaboutcookies.org.<\/p>","protected":false},"excerpt":{"rendered":"<p>About this cookie policy This Cookie Policy explains what cookies are and how we use them, the types of cookies we use i.e, the information we collect using cookies and how that information is used, and how to control the cookie preferences. For further information on how we use, store, and keep your personal data [&hellip;]<\/p>\n","protected":false},"author":1,"featured_media":0,"parent":0,"menu_order":0,"comment_status":"closed","ping_status":"closed","template":"","meta":{"_uag_custom_page_level_css":"","site-sidebar-layout":"default","site-content-layout":"content-boxed-container","ast-site-content-layout":"default","site-content-style":"default","site-sidebar-style":"default","ast-global-header-display":"","ast-banner-title-visibility":"","ast-main-header-display":"","ast-hfb-above-header-display":"","ast-hfb-below-header-display":"","ast-hfb-mobile-header-display":"","site-post-title":"","ast-breadcrumbs-content":"","ast-featured-img":"","footer-sml-layout":"","ast-disable-related-posts":"","theme-transparent-header-meta":"default","adv-header-id-meta":"28501","stick-header-meta":"default","header-above-stick-meta":"","header-main-stick-meta":"","header-below-stick-meta":"","astra-migrate-meta-layouts":"default","ast-page-background-enabled":"default","ast-page-background-meta":{"desktop":{"background-color":"var(--ast-global-color-4)","background-image":"","background-repeat":"repeat","background-position":"center center","background-size":"auto","background-attachment":"scroll","background-type":"","background-media":"","overlay-type":"","overlay-color":"","overlay-opacity":"","overlay-gradient":""},"tablet":{"background-color":"","background-image":"","background-repeat":"repeat","background-position":"center center","background-size":"auto","background-attachment":"scroll","background-type":"","background-media":"","overlay-type":"","overlay-color":"","overlay-opacity":"","overlay-gradient":""},"mobile":{"background-color":"","background-image":"","background-repeat":"repeat","background-position":"center center","background-size":"auto","background-attachment":"scroll","background-type":"","background-media":"","overlay-type":"","overlay-color":"","overlay-opacity":"","overlay-gradient":""}},"ast-content-background-meta":{"desktop":{"background-color":"var(--ast-global-color-5)","background-image":"","background-repeat":"repeat","background-position":"center center","background-size":"auto","background-attachment":"scroll","background-type":"","background-media":"","overlay-type":"","overlay-color":"","overlay-opacity":"","overlay-gradient":""},"tablet":{"background-color":"var(--ast-global-color-5)","background-image":"","background-repeat":"repeat","background-position":"center center","background-size":"auto","background-attachment":"scroll","background-type":"","background-media":"","overlay-type":"","overlay-color":"","overlay-opacity":"","overlay-gradient":""},"mobile":{"background-color":"var(--ast-global-color-5)","background-image":"","background-repeat":"repeat","background-position":"center center","background-size":"auto","background-attachment":"scroll","background-type":"","background-media":"","overlay-type":"","overlay-color":"","overlay-opacity":"","overlay-gradient":""}},"footnotes":""},"class_list":["post-26776","page","type-page","status-publish","hentry"],"yoast_head":"<!-- This site is optimized with the Yoast SEO plugin v27.3 - https:\/\/yoast.com\/product\/yoast-seo-wordpress\/ -->\n<title>Cookie Policy - WooSimon<\/title>\n<meta name=\"robots\" content=\"index, follow, max-snippet:-1, max-image-preview:large, max-video-preview:-1\" \/>\n<link rel=\"canonical\" href=\"https:\/\/woosimon.com\/ca\/politica-de-cookies\/\" \/>\n<meta property=\"og:locale\" content=\"ca_ES\" \/>\n<meta property=\"og:type\" content=\"article\" \/>\n<meta property=\"og:title\" content=\"Cookie Policy - WooSimon\" \/>\n<meta property=\"og:description\" content=\"About this cookie policy This Cookie Policy explains what cookies are and how we use them, the types of cookies we use i.e, the information we collect using cookies and how that information is used, and how to control the cookie preferences. For further information on how we use, store, and keep your personal data [&hellip;]\" \/>\n<meta property=\"og:url\" content=\"https:\/\/woosimon.com\/ca\/politica-de-cookies\/\" \/>\n<meta property=\"og:site_name\" content=\"WooSimon\" \/>\n<meta property=\"article:publisher\" content=\"https:\/\/www.facebook.com\/WooSimonWeb\" \/>\n<meta property=\"article:modified_time\" content=\"2022-09-12T11:50:57+00:00\" \/>\n<meta name=\"twitter:card\" content=\"summary_large_image\" \/>\n<meta name=\"twitter:site\" content=\"@simon_whyatt\" \/>\n<meta name=\"twitter:label1\" content=\"Temps estimat de lectura\" \/>\n\t<meta name=\"twitter:data1\" content=\"3 minuts\" \/>\n<script type=\"application\/ld+json\" class=\"yoast-schema-graph\">{\"@context\":\"https:\\\/\\\/schema.org\",\"@graph\":[{\"@type\":\"WebPage\",\"@id\":\"https:\\\/\\\/woosimon.com\\\/cookie-policy\\\/\",\"url\":\"https:\\\/\\\/woosimon.com\\\/cookie-policy\\\/\",\"name\":\"Cookie Policy - WooSimon\",\"isPartOf\":{\"@id\":\"https:\\\/\\\/woosimon.com\\\/#website\"},\"datePublished\":\"2021-01-25T17:32:39+00:00\",\"dateModified\":\"2022-09-12T11:50:57+00:00\",\"breadcrumb\":{\"@id\":\"https:\\\/\\\/woosimon.com\\\/cookie-policy\\\/#breadcrumb\"},\"inLanguage\":\"ca\",\"potentialAction\":[{\"@type\":\"ReadAction\",\"target\":[\"https:\\\/\\\/woosimon.com\\\/cookie-policy\\\/\"]}]},{\"@type\":\"BreadcrumbList\",\"@id\":\"https:\\\/\\\/woosimon.com\\\/cookie-policy\\\/#breadcrumb\",\"itemListElement\":[{\"@type\":\"ListItem\",\"position\":1,\"name\":\"Home\",\"item\":\"https:\\\/\\\/woosimon.com\\\/\"},{\"@type\":\"ListItem\",\"position\":2,\"name\":\"Cookie Policy\"}]},{\"@type\":\"WebSite\",\"@id\":\"https:\\\/\\\/woosimon.com\\\/#website\",\"url\":\"https:\\\/\\\/woosimon.com\\\/\",\"name\":\"WooSimon\",\"description\":\"Web Solutions\",\"publisher\":{\"@id\":\"https:\\\/\\\/woosimon.com\\\/#organization\"},\"potentialAction\":[{\"@type\":\"SearchAction\",\"target\":{\"@type\":\"EntryPoint\",\"urlTemplate\":\"https:\\\/\\\/woosimon.com\\\/?s={search_term_string}\"},\"query-input\":{\"@type\":\"PropertyValueSpecification\",\"valueRequired\":true,\"valueName\":\"search_term_string\"}}],\"inLanguage\":\"ca\"},{\"@type\":\"Organization\",\"@id\":\"https:\\\/\\\/woosimon.com\\\/#organization\",\"name\":\"WooSimon\",\"url\":\"https:\\\/\\\/woosimon.com\\\/\",\"logo\":{\"@type\":\"ImageObject\",\"inLanguage\":\"ca\",\"@id\":\"https:\\\/\\\/woosimon.com\\\/#\\\/schema\\\/logo\\\/image\\\/\",\"url\":\"https:\\\/\\\/woosimon.com\\\/wp-content\\\/uploads\\\/2022\\\/02\\\/WooSimon-Logo-DSG.png\",\"contentUrl\":\"https:\\\/\\\/woosimon.com\\\/wp-content\\\/uploads\\\/2022\\\/02\\\/WooSimon-Logo-DSG.png\",\"width\":512,\"height\":512,\"caption\":\"WooSimon\"},\"image\":{\"@id\":\"https:\\\/\\\/woosimon.com\\\/#\\\/schema\\\/logo\\\/image\\\/\"},\"sameAs\":[\"https:\\\/\\\/www.facebook.com\\\/WooSimonWeb\",\"https:\\\/\\\/x.com\\\/simon_whyatt\",\"https:\\\/\\\/www.linkedin.com\\\/in\\\/simon-whyatt-11115110\\\/\"]}]}<\/script>\n<!-- \/ Yoast SEO plugin. -->","yoast_head_json":{"title":"Pol\u00edtica de cookies - WooSimon","robots":{"index":"index","follow":"follow","max-snippet":"max-snippet:-1","max-image-preview":"max-image-preview:large","max-video-preview":"max-video-preview:-1"},"canonical":"https:\/\/woosimon.com\/ca\/politica-de-cookies\/","og_locale":"ca_ES","og_type":"article","og_title":"Cookie Policy - WooSimon","og_description":"About this cookie policy This Cookie Policy explains what cookies are and how we use them, the types of cookies we use i.e, the information we collect using cookies and how that information is used, and how to control the cookie preferences. For further information on how we use, store, and keep your personal data [&hellip;]","og_url":"https:\/\/woosimon.com\/ca\/politica-de-cookies\/","og_site_name":"WooSimon","article_publisher":"https:\/\/www.facebook.com\/WooSimonWeb","article_modified_time":"2022-09-12T11:50:57+00:00","twitter_card":"summary_large_image","twitter_site":"@simon_whyatt","twitter_misc":{"Temps estimat de lectura":"3 minuts"},"schema":{"@context":"https:\/\/schema.org","@graph":[{"@type":"WebPage","@id":"https:\/\/woosimon.com\/cookie-policy\/","url":"https:\/\/woosimon.com\/cookie-policy\/","name":"Pol\u00edtica de cookies - WooSimon","isPartOf":{"@id":"https:\/\/woosimon.com\/#website"},"datePublished":"2021-01-25T17:32:39+00:00","dateModified":"2022-09-12T11:50:57+00:00","breadcrumb":{"@id":"https:\/\/woosimon.com\/cookie-policy\/#breadcrumb"},"inLanguage":"ca","potentialAction":[{"@type":"ReadAction","target":["https:\/\/woosimon.com\/cookie-policy\/"]}]},{"@type":"BreadcrumbList","@id":"https:\/\/woosimon.com\/cookie-policy\/#breadcrumb","itemListElement":[{"@type":"ListItem","position":1,"name":"Home","item":"https:\/\/woosimon.com\/"},{"@type":"ListItem","position":2,"name":"Cookie Policy"}]},{"@type":"WebSite","@id":"https:\/\/woosimon.com\/#website","url":"https:\/\/woosimon.com\/","name":"WooSimon","description":"Solucions Web","publisher":{"@id":"https:\/\/woosimon.com\/#organization"},"potentialAction":[{"@type":"SearchAction","target":{"@type":"EntryPoint","urlTemplate":"https:\/\/woosimon.com\/?s={search_term_string}"},"query-input":{"@type":"PropertyValueSpecification","valueRequired":true,"valueName":"search_term_string"}}],"inLanguage":"ca"},{"@type":"Organization","@id":"https:\/\/woosimon.com\/#organization","name":"WooSimon","url":"https:\/\/woosimon.com\/","logo":{"@type":"ImageObject","inLanguage":"ca","@id":"https:\/\/woosimon.com\/#\/schema\/logo\/image\/","url":"https:\/\/woosimon.com\/wp-content\/uploads\/2022\/02\/WooSimon-Logo-DSG.png","contentUrl":"https:\/\/woosimon.com\/wp-content\/uploads\/2022\/02\/WooSimon-Logo-DSG.png","width":512,"height":512,"caption":"WooSimon"},"image":{"@id":"https:\/\/woosimon.com\/#\/schema\/logo\/image\/"},"sameAs":["https:\/\/www.facebook.com\/WooSimonWeb","https:\/\/x.com\/simon_whyatt","https:\/\/www.linkedin.com\/in\/simon-whyatt-11115110\/"]}]}},"uagb_featured_image_src":{"full":false,"thumbnail":false,"medium":false,"medium_large":false,"large":false,"1536x1536":false,"2048x2048":false,"trp-custom-language-flag":false,"widget-thumbnail":false,"mailpoet_newsletter_max":false},"uagb_author_info":{"display_name":"Simon Whyatt","author_link":"https:\/\/woosimon.com\/ca\/author\/siwhyatt\/"},"uagb_comment_info":0,"uagb_excerpt":"About this cookie policy This Cookie Policy explains what cookies are and how we use them, the types of cookies we use i.e, the information we collect using cookies and how that information is used, and how to control the cookie preferences. For further information on how we use, store, and keep your personal data&hellip;","jetpack_sharing_enabled":true,"_links":{"self":[{"href":"https:\/\/woosimon.com\/ca\/wp-json\/wp\/v2\/pages\/26776","targetHints":{"allow":["GET"]}}],"collection":[{"href":"https:\/\/woosimon.com\/ca\/wp-json\/wp\/v2\/pages"}],"about":[{"href":"https:\/\/woosimon.com\/ca\/wp-json\/wp\/v2\/types\/page"}],"author":[{"embeddable":true,"href":"https:\/\/woosimon.com\/ca\/wp-json\/wp\/v2\/users\/1"}],"replies":[{"embeddable":true,"href":"https:\/\/woosimon.com\/ca\/wp-json\/wp\/v2\/comments?post=26776"}],"version-history":[{"count":0,"href":"https:\/\/woosimon.com\/ca\/wp-json\/wp\/v2\/pages\/26776\/revisions"}],"wp:attachment":[{"href":"https:\/\/woosimon.com\/ca\/wp-json\/wp\/v2\/media?parent=26776"}],"curies":[{"name":"wp","href":"https:\/\/api.w.org\/{rel}","templated":true}]}}